{"id":2019,"date":"2021-02-01T19:31:43","date_gmt":"2021-02-01T19:31:43","guid":{"rendered":"https:\/\/nextterragroup.com\/what-we-do-how-we-do-it\/"},"modified":"2021-02-09T02:22:21","modified_gmt":"2021-02-09T02:22:21","slug":"que-faisons-nous-et-comment-le-faisons-nous","status":"publish","type":"page","link":"https:\/\/nextterragroup.com\/fr\/que-faisons-nous-et-comment-le-faisons-nous\/","title":{"rendered":"Que faisons-nous et comment le faisons-nous?"},"content":{"rendered":"[vc_row][vc_column][vc_row_inner][vc_column_inner width=\u00a0\u00bb1\/2&Prime;][vc_empty_space height=\u00a0\u00bb45px\u00a0\u00bb][vc_single_image image=\u00a0\u00bb1829&Prime; img_size=\u00a0\u00bblarge\u00a0\u00bb][\/vc_column_inner][vc_column_inner width=\u00a0\u00bb1\/2&Prime;][vc_custom_heading text=\u00a0\u00bbCe que nous ferons\u00a0\u00bb font_container=\u00a0\u00bbtag:h2|font_size:30|text_align:left|color:%23333333&Prime; use_theme_fonts=\u00a0\u00bbyes\u00a0\u00bb css=\u00a0\u00bb.vc_custom_1612836941575{padding-top: 10px !important;}\u00a0\u00bb][vc_single_image image=\u00a0\u00bb1643&Prime;][vc_column_text]NTG fera la promotion d&rsquo;un service alternatif d&rsquo;\u00e9limination qui n&rsquo;est actuellement offert ni au Canada ni dans le reste de l&rsquo;Am\u00e9rique du Nord; ce service est promu en Europe depuis plus d&rsquo;une d\u00e9cennie et sera bient\u00f4t licenci\u00e9 dans certains pays d&rsquo;Afrique \/ du Moyen-Orient. NTG obtient une licence exclusive du titulaire du brevet qui permettra \u00e0 NTG d&rsquo;offrir sa solution int\u00e9gr\u00e9e partout au Canada et dans le nord-est des \u00c9tats-Unis d\u2019Am\u00e9rique.\r\n\r\nNTG a con\u00e7u une suite int\u00e9gr\u00e9e de solutions technologiques \u00ab <strong>Z\u00c9RO-ENFOUISSEMENT<\/strong> \u00bb. NTG fournira une alternative des plus modernes \u00e0 l&rsquo;\u00e9limination des mati\u00e8res r\u00e9siduelles d\u00e9finies comme des \u00ab r\u00e9sidus ultimes \u00bb, qui sont les diff\u00e9rents d\u00e9chets restant apr\u00e8s un exercice de tri et de recyclage. Ces r\u00e9sidus ultimes sont g\u00e9n\u00e9ralement envoy\u00e9s dans des sites d\u2019enfouissement traditionnels ou dans des \u00ab d\u00e9charges techniques \u00bb d\u00e9finies comme LET.[\/vc_column_text][\/vc_column_inner][\/vc_row_inner][vc_column_text]Pr\u00e8s de 6 millions de tonnes de r\u00e9sidus ultimes sont actuellement destin\u00e9s \u00e0 l\u2019enfouissement au Qu\u00e9bec, en 2020. Au Qu\u00e9bec, le ministre de l&rsquo;Environnement m. Benoit Charrette (MELCC) recherche activement une solution qui minimisera le volume de r\u00e9sidus ultimes mis \u00e0 l\u2019enfouissement de nos jours. NTG aborde ce probl\u00e8me \u00e0 un moment tr\u00e8s propice.[\/vc_column_text][\/vc_column][\/vc_row][vc_row][vc_column][vc_empty_space height=\u00a0\u00bb10px\u00a0\u00bb][vc_custom_heading text=\u00a0\u00bbComment nous allons le faire\u00a0\u00bb font_container=\u00a0\u00bbtag:h2|font_size:30|text_align:left|color:%23333333&Prime; use_theme_fonts=\u00a0\u00bbyes\u00a0\u00bb css=\u00a0\u00bb.vc_custom_1612837091287{padding-top: 10px !important;}\u00a0\u00bb][vc_single_image image=\u00a0\u00bb1643&Prime;][vc_row_inner][vc_column_inner width=\u00a0\u00bb1\/3&Prime;][vc_empty_space height=\u00a0\u00bb15px\u00a0\u00bb][vc_column_text]NTG construira et exploitera des installations industrielles \u00ab ZERO-ENFOUISSEMENT \u00bb o\u00f9 on convertira les \u00ab r\u00e9sidus ultimes \u00bb en un \u00ab \u00e9co-agr\u00e9gat \u00bb qui remplacera avantageusement le sable et le gravier dans un processus de fabrication du b\u00e9ton. Nos \u00ab agr\u00e9gats \u00e9cologiques \u00bb seront vendus aux fabricants de produits pr\u00e9fabriqu\u00e9s en b\u00e9ton et, cela leur permettra de cr\u00e9er de toutes nouvelles gammes de produits de produits en b\u00e9ton \u00e9cologique.\r\n\r\nLe proc\u00e9d\u00e9 brevet\u00e9 utilis\u00e9 par NTG nous permet non seulement de convertir les r\u00e9sidus ultimes en agr\u00e9gats \u00e9cologiques, mais il peut \u00e9galement convertir les boues d&rsquo;\u00e9puration et les boues agroalimentaires en un engrais granul\u00e9 de qualit\u00e9 sup\u00e9rieure.[\/vc_column_text][vc_empty_space height=\u00a0\u00bb15px\u00a0\u00bb][\/vc_column_inner][vc_column_inner width=\u00a0\u00bb1\/3&Prime;][vc_empty_space][vc_single_image image=\u00a0\u00bb1844&Prime; img_size=\u00a0\u00bbfull\u00a0\u00bb alignment=\u00a0\u00bbcenter\u00a0\u00bb][vc_column_text]\r\n<h6 style=\"text-align: center;\">Nos \u00e9co-agr\u00e9gats ressemblent \u00e0 ceci<\/h6>\r\n[\/vc_column_text][\/vc_column_inner][vc_column_inner width=\u00a0\u00bb1\/3&Prime;][vc_empty_space][vc_single_image image=\u00a0\u00bb1841&Prime; img_size=\u00a0\u00bbfull\u00a0\u00bb alignment=\u00a0\u00bbcenter\u00a0\u00bb][vc_column_text]\r\n<h6 style=\"text-align: center;\">Nos fertilisants granul\u00e9s ressemblent \u00e0 ceci<\/h6>\r\n[\/vc_column_text][\/vc_column_inner][\/vc_row_inner][vc_column_text]La demande pour nos agr\u00e9gats et engrais \u00e9cologiques devrait cro\u00eetre rapidement et r\u00e9guli\u00e8rement au fil du temps \u00e9tant donn\u00e9 l&rsquo;int\u00e9r\u00eat \u00e9vident des consommateurs pour les produits \u00ab respectueux de l&rsquo;environnement \u00bb, maintenant et dans le futur.[\/vc_column_text][\/vc_column][\/vc_row][vc_row][vc_column][vc_empty_space height=\u00a0\u00bb85px\u00a0\u00bb][\/vc_column][\/vc_row]","protected":false},"excerpt":{"rendered":"<p>[vc_row][vc_column][vc_row_inner][vc_column_inner width=\u00a0\u00bb1\/2&Prime;][vc_empty_space height=\u00a0\u00bb45px\u00a0\u00bb][vc_single_image image=\u00a0\u00bb1829&Prime; img_size=\u00a0\u00bblarge\u00a0\u00bb][\/vc_column_inner][vc_column_inner width=\u00a0\u00bb1\/2&Prime;][vc_custom_heading text=\u00a0\u00bbCe que nous ferons\u00a0\u00bb font_container=\u00a0\u00bbtag:h2|font_size:30|text_align:left|color:%23333333&Prime; use_theme_fonts=\u00a0\u00bbyes\u00a0\u00bb css=\u00a0\u00bb.vc_custom_1612836941575{padding-top: 10px !important;}\u00a0\u00bb][vc_single_image image=\u00a0\u00bb1643&Prime;][vc_column_text]NTG fera la promotion d&rsquo;un service alternatif d&rsquo;\u00e9limination qui n&rsquo;est actuellement offert ni au Canada ni dans le reste de l&rsquo;Am\u00e9rique du Nord; ce service est promu en Europe depuis plus d&rsquo;une d\u00e9cennie et sera bient\u00f4t licenci\u00e9 dans certains pays [&hellip;]<\/p>\n","protected":false},"author":3,"featured_media":2021,"parent":0,"menu_order":0,"comment_status":"closed","ping_status":"open","template":"","meta":{"footnotes":""},"class_list":["post-2019","page","type-page","status-publish","has-post-thumbnail","hentry"],"_links":{"self":[{"href":"https:\/\/nextterragroup.com\/fr\/wp-json\/wp\/v2\/pages\/2019","targetHints":{"allow":["GET"]}}],"collection":[{"href":"https:\/\/nextterragroup.com\/fr\/wp-json\/wp\/v2\/pages"}],"about":[{"href":"https:\/\/nextterragroup.com\/fr\/wp-json\/wp\/v2\/types\/page"}],"author":[{"embeddable":true,"href":"https:\/\/nextterragroup.com\/fr\/wp-json\/wp\/v2\/users\/3"}],"replies":[{"embeddable":true,"href":"https:\/\/nextterragroup.com\/fr\/wp-json\/wp\/v2\/comments?post=2019"}],"version-history":[{"count":8,"href":"https:\/\/nextterragroup.com\/fr\/wp-json\/wp\/v2\/pages\/2019\/revisions"}],"predecessor-version":[{"id":2135,"href":"https:\/\/nextterragroup.com\/fr\/wp-json\/wp\/v2\/pages\/2019\/revisions\/2135"}],"wp:featuredmedia":[{"embeddable":true,"href":"https:\/\/nextterragroup.com\/fr\/wp-json\/wp\/v2\/media\/2021"}],"wp:attachment":[{"href":"https:\/\/nextterragroup.com\/fr\/wp-json\/wp\/v2\/media?parent=2019"}],"curies":[{"name":"wp","href":"https:\/\/api.w.org\/{rel}","templated":true}]}}