{"id":2015,"date":"2019-01-16T18:20:01","date_gmt":"2019-01-16T18:20:01","guid":{"rendered":"https:\/\/nextterragroup.com\/turnkey-projects\/"},"modified":"2021-02-11T22:52:12","modified_gmt":"2021-02-11T22:52:12","slug":"projets-cle-en-main","status":"publish","type":"page","link":"https:\/\/nextterragroup.com\/fr\/projets-cle-en-main\/","title":{"rendered":"Projets cl\u00e9 en main"},"content":{"rendered":"<p>[vc_row][vc_column width=\u00a0\u00bb1\/2&Prime;][vc_empty_space height=\u00a0\u00bb25px\u00a0\u00bb][vc_single_image image=\u00a0\u00bb1374&Prime; img_size=\u00a0\u00bbfull\u00a0\u00bb alignment=\u00a0\u00bbcenter\u00a0\u00bb][vc_empty_space height=\u00a0\u00bb25px\u00a0\u00bb][\/vc_column][vc_column width=\u00a0\u00bb1\/2&Prime;][vc_column_text]NTG (GROUPE NextTerra) propose une large gamme de services de construction, de seulement une id\u00e9e \u00e0 la r\u00e9alisation d&rsquo;un projet\u2026 ce service s&rsquo;appelle le cl\u00e9 en main.<\/p>\r\n<p>Parmi les nombreux avantages d&rsquo;un service cl\u00e9 en main, les performances se sont class\u00e9es au premier rang. Le client qui n\u2019a trait\u00e9 qu\u2019avec un seul fournisseur pour la conception et la mise en \u0153uvre du projet assure une gestion beaucoup plus simple. En outre, les risques de construction sont presque tous assum\u00e9s par le fournisseur unique le rendant responsable de l\u2019ach\u00e8vement du projet de construction comme convenu, \u00e0 temps et selon le budget fix\u00e9. De plus, s&rsquo;il y a des probl\u00e8mes pendant le projet, le client aura l&rsquo;avantage de ne traiter qu&rsquo;avec une seule personne. Enfin, la mise en place rapide d&rsquo;un forfait r\u00e9duit voire \u00e9limine les risques de d\u00e9passement de co\u00fbts.<\/p>\r\n<p>Un service cl\u00e9 en main pr\u00e9sente d&rsquo;autres avantages majeurs, y compris l\u2019ex\u00e9cution rapide. Beaucoup de temps est \u00e9pargn\u00e9 simplement parce que e client n&rsquo;a pas \u00e0 s&rsquo;occuper de la<br \/>\r\nmise en \u0153uvre des plans, sp\u00e9cifications et offres de plusieurs entrepreneurs. NTG coordonne le travail des professionnels et optimise votre projet en offrant les meilleures conditions pour r\u00e9ussir.<\/p>\r\n<p>NTG (GROUPE NextTerra) privil\u00e9gie une approche cl\u00e9 en main pour faciliter le travail de ses clients et leur offrir la tranquillit\u00e9 d&rsquo;esprit. De la conception initiale aux r\u00e9sultats concrets, nous vous accompagnons dans toutes les phases de votre projet. Notre entreprise peut m\u00eame vous aider \u00e0 la recherche d&rsquo;un terrain, ou d&rsquo;un terrain, \u00e0 la n\u00e9gociation d&rsquo;un accord de financement ou nous pouvons \u00e9galement prendre en charge la gestion de votre immeuble apr\u00e8s ach\u00e8vement![\/vc_column_text][\/vc_column][\/vc_row][vc_row][vc_column][vc_empty_space height=\u00a0\u00bb92px\u00a0\u00bb][\/vc_column][\/vc_row]<\/p>\r\n","protected":false},"excerpt":{"rendered":"<p>[vc_row][vc_column width=\u00a0\u00bb1\/2&Prime;][vc_empty_space height=\u00a0\u00bb25px\u00a0\u00bb][vc_single_image image=\u00a0\u00bb1374&Prime; img_size=\u00a0\u00bbfull\u00a0\u00bb alignment=\u00a0\u00bbcenter\u00a0\u00bb][vc_empty_space height=\u00a0\u00bb25px\u00a0\u00bb][\/vc_column][vc_column width=\u00a0\u00bb1\/2&Prime;][vc_column_text]NTG (GROUPE NextTerra) propose une large gamme de services de construction, de seulement une id\u00e9e \u00e0 la r\u00e9alisation d&rsquo;un projet\u2026 ce service s&rsquo;appelle le cl\u00e9 en main. Parmi les nombreux avantages d&rsquo;un service cl\u00e9 en main, les performances se sont class\u00e9es au premier rang. Le client qui n\u2019a [&hellip;]<\/p>\n","protected":false},"author":1,"featured_media":2017,"parent":0,"menu_order":0,"comment_status":"closed","ping_status":"open","template":"","meta":{"footnotes":""},"class_list":["post-2015","page","type-page","status-publish","has-post-thumbnail","hentry"],"_links":{"self":[{"href":"https:\/\/nextterragroup.com\/fr\/wp-json\/wp\/v2\/pages\/2015","targetHints":{"allow":["GET"]}}],"collection":[{"href":"https:\/\/nextterragroup.com\/fr\/wp-json\/wp\/v2\/pages"}],"about":[{"href":"https:\/\/nextterragroup.com\/fr\/wp-json\/wp\/v2\/types\/page"}],"author":[{"embeddable":true,"href":"https:\/\/nextterragroup.com\/fr\/wp-json\/wp\/v2\/users\/1"}],"replies":[{"embeddable":true,"href":"https:\/\/nextterragroup.com\/fr\/wp-json\/wp\/v2\/comments?post=2015"}],"version-history":[{"count":8,"href":"https:\/\/nextterragroup.com\/fr\/wp-json\/wp\/v2\/pages\/2015\/revisions"}],"predecessor-version":[{"id":2484,"href":"https:\/\/nextterragroup.com\/fr\/wp-json\/wp\/v2\/pages\/2015\/revisions\/2484"}],"wp:featuredmedia":[{"embeddable":true,"href":"https:\/\/nextterragroup.com\/fr\/wp-json\/wp\/v2\/media\/2017"}],"wp:attachment":[{"href":"https:\/\/nextterragroup.com\/fr\/wp-json\/wp\/v2\/media?parent=2015"}],"curies":[{"name":"wp","href":"https:\/\/api.w.org\/{rel}","templated":true}]}}