{"id":2011,"date":"2021-02-02T03:18:16","date_gmt":"2021-02-02T03:18:16","guid":{"rendered":"https:\/\/nextterragroup.com\/technology\/"},"modified":"2021-03-13T04:09:01","modified_gmt":"2021-03-13T04:09:01","slug":"la-principale-technologie-ecocycling","status":"publish","type":"page","link":"https:\/\/nextterragroup.com\/fr\/la-principale-technologie-ecocycling\/","title":{"rendered":"La principale technologie &#8211; ECOCYCLING"},"content":{"rendered":"<p>[vc_row][vc_column width=\u00a0\u00bb1\/2&Prime;][vc_empty_space height=\u00a0\u00bb40px\u00a0\u00bb][vc_single_image image=\u00a0\u00bb1846&Prime; img_size=\u00a0\u00bbfull\u00a0\u00bb alignment=\u00a0\u00bbcenter\u00a0\u00bb][\/vc_column][vc_column width=\u00a0\u00bb1\/2&Prime;][vc_empty_space height=\u00a0\u00bb10px\u00a0\u00bb][vc_text_separator title=\u00a0\u00bbLa technologie principale &#8211; ECOCYCLING\u00a0\u00bb title_align=\u00a0\u00bbseparator_align_left\u00a0\u00bb color=\u00a0\u00bbcustom\u00a0\u00bb border_width=\u00a0\u00bb3&Prime; accent_color=\u00a0\u00bb#009640&Prime;][vc_custom_heading text=\u00a0\u00bbQu&rsquo;est-ce que l&rsquo;ECOCYCLING?\u00a0\u00bb font_container=\u00a0\u00bbtag:h2|text_align:left|color:%23333333&Prime; use_theme_fonts=\u00a0\u00bbyes\u00a0\u00bb][vc_single_image image=\u00a0\u00bb1643&Prime;][vc_column_text]L&rsquo;ECOCYCLING est un processus physico-chimique brevet\u00e9 au cours duquel, gr\u00e2ce \u00e0 l&rsquo;introduction de certains min\u00e9raux et additifs chimiques, les d\u00e9chets organiques et inorganiques sont transform\u00e9s de mani\u00e8re irr\u00e9versible en une mati\u00e8re premi\u00e8re respectueuse de l&rsquo;environnement. Cette mati\u00e8re premi\u00e8re, \u00e0 son tour, peut \u00eatre utilis\u00e9e dans une vari\u00e9t\u00e9 de nouveaux mat\u00e9riaux ou introduite dans des processus existants tels que la fabrication de produits en b\u00e9ton \u00e9cologiques.[\/vc_column_text][\/vc_column][\/vc_row][vc_row][vc_column][vc_separator color=\u00a0\u00bbcustom\u00a0\u00bb border_width=\u00a0\u00bb3&Prime; accent_color=\u00a0\u00bb#009640&Prime;][vc_empty_space height=\u00a0\u00bb15px\u00a0\u00bb][vc_custom_heading text=\u00a0\u00bbTypes de d\u00e9chets\u00a0\u00bb font_container=\u00a0\u00bbtag:h2|text_align:left|color:%23333333&Prime; use_theme_fonts=\u00a0\u00bbyes\u00a0\u00bb][vc_single_image image=\u00a0\u00bb1643&Prime;][vc_row_inner][vc_column_inner width=\u00a0\u00bb1\/2&Prime; css=\u00a0\u00bb.vc_custom_1615608538528{margin-top: 20px !important;}\u00a0\u00bb][vc_column_text]L&rsquo;ECOCYCLING est un processus technique physico-chimique au cours duquel, gr\u00e2ce \u00e0 l&rsquo;introduction de certains additifs min\u00e9raux et chimiques, les d\u00e9chets organiques et inorganiques sont transform\u00e9s de mani\u00e8re irr\u00e9versible en une mati\u00e8re premi\u00e8re respectueuse de l&rsquo;environnement. Cette mati\u00e8re premi\u00e8re, \u00e0 son tour, peut \u00eatre utilis\u00e9e dans une vari\u00e9t\u00e9 de nouveaux mat\u00e9riaux ou introduite dans des processus existants, selon la configuration[\/vc_column_text][\/vc_column_inner][vc_column_inner width=\u00a0\u00bb1\/2&Prime;][vc_empty_space height=\u00a0\u00bb15px\u00a0\u00bb][vc_single_image image=\u00a0\u00bb1853&Prime; img_size=\u00a0\u00bbfull\u00a0\u00bb alignment=\u00a0\u00bbcenter\u00a0\u00bb][\/vc_column_inner][\/vc_row_inner][vc_column_text]Le proc\u00e9d\u00e9 ECOCYCLING fonctionne sans chauffage externe, c&rsquo;est-\u00e0-dire sans combustion, et ne produit donc pas de gaz d&rsquo;\u00e9chappement. Il ne produit pas non plus d\u2019autres sous-produits. Il utilise, outre le m\u00e9lange de d\u00e9chets comme mati\u00e8re premi\u00e8re, plusieurs additifs sp\u00e9cifiques (par exemple des min\u00e9raux tels que l\u2019argile ou des substances chimiques).<\/p>\r\n<p>Le proc\u00e9d\u00e9 ne produit qu\u2019un mat\u00e9riau cible sp\u00e9cifi\u00e9, de la chaleur, r\u00e9sultant d&rsquo;une r\u00e9action exothermique et de la vapeur, r\u00e9sultant du frottement lors du broyage.<\/p>\r\n<p>Le proc\u00e9d\u00e9 est enti\u00e8rement automatis\u00e9 ! Au cours du proc\u00e9d\u00e9, tous les d\u00e9chets sont \u00abattaqu\u00e9s\u00bb, en utilisant des cha\u00eenes de r\u00e9actions chimiques appropri\u00e9es et sont transform\u00e9s en mat\u00e9riau cible.<\/p>\r\n<p>Les mati\u00e8res gazeuses et\/ou liquides doivent \u00eatre solidifi\u00e9es puis trait\u00e9es.\u00a0Les mol\u00e9cules de m\u00e9taux lourds sont stock\u00e9es dans la structure cristallis\u00e9e des min\u00e9raux nouvellement cr\u00e9\u00e9s et\/ou chimiquement li\u00e9es aux mol\u00e9cules ad\u00e9quates et donc immobilis\u00e9es.<\/p>\r\n<p>Une fois le proc\u00e9d\u00e9 termin\u00e9, il ne reste qu&rsquo;un mat\u00e9riau respectueux de l&rsquo;environnement qui peut \u00eatre stock\u00e9 ou transport\u00e9 sans probl\u00e8me. Le mat\u00e9riau peut \u00eatre utilis\u00e9 dans un proc\u00e9d\u00e9 cible industriel sp\u00e9cifi\u00e9, par ex. comme mati\u00e8re premi\u00e8re pour des applications dans un panneau de fibres de bois, en des applications agricoles ou horticoles, ou dans l&rsquo;industrie de la construction.<\/p>\r\n<p>Et ce qui est particuli\u00e8rement important, c&rsquo;est que le r\u00e9sultat du proc\u00e9d\u00e9 de transformation irr\u00e9versible devient un nouveau produit et non simplement une autre forme de d\u00e9chet.[\/vc_column_text][\/vc_column][\/vc_row][vc_row][vc_column][vc_empty_space height=\u00a0\u00bb70px\u00a0\u00bb][\/vc_column][\/vc_row]<\/p>\r\n","protected":false},"excerpt":{"rendered":"<p>[vc_row][vc_column width=\u00a0\u00bb1\/2&Prime;][vc_empty_space height=\u00a0\u00bb40px\u00a0\u00bb][vc_single_image image=\u00a0\u00bb1846&Prime; img_size=\u00a0\u00bbfull\u00a0\u00bb alignment=\u00a0\u00bbcenter\u00a0\u00bb][\/vc_column][vc_column width=\u00a0\u00bb1\/2&Prime;][vc_empty_space height=\u00a0\u00bb10px\u00a0\u00bb][vc_text_separator title=\u00a0\u00bbLa technologie principale &#8211; ECOCYCLING\u00a0\u00bb title_align=\u00a0\u00bbseparator_align_left\u00a0\u00bb color=\u00a0\u00bbcustom\u00a0\u00bb border_width=\u00a0\u00bb3&Prime; accent_color=\u00a0\u00bb#009640&Prime;][vc_custom_heading text=\u00a0\u00bbQu&rsquo;est-ce que l&rsquo;ECOCYCLING?\u00a0\u00bb font_container=\u00a0\u00bbtag:h2|text_align:left|color:%23333333&Prime; use_theme_fonts=\u00a0\u00bbyes\u00a0\u00bb][vc_single_image image=\u00a0\u00bb1643&Prime;][vc_column_text]L&rsquo;ECOCYCLING est un processus physico-chimique brevet\u00e9 au cours duquel, gr\u00e2ce \u00e0 l&rsquo;introduction de certains min\u00e9raux et additifs chimiques, les d\u00e9chets organiques et inorganiques sont transform\u00e9s de mani\u00e8re irr\u00e9versible en une mati\u00e8re premi\u00e8re respectueuse [&hellip;]<\/p>\n","protected":false},"author":3,"featured_media":2013,"parent":0,"menu_order":0,"comment_status":"closed","ping_status":"open","template":"","meta":{"footnotes":""},"class_list":["post-2011","page","type-page","status-publish","has-post-thumbnail","hentry"],"_links":{"self":[{"href":"https:\/\/nextterragroup.com\/fr\/wp-json\/wp\/v2\/pages\/2011","targetHints":{"allow":["GET"]}}],"collection":[{"href":"https:\/\/nextterragroup.com\/fr\/wp-json\/wp\/v2\/pages"}],"about":[{"href":"https:\/\/nextterragroup.com\/fr\/wp-json\/wp\/v2\/types\/page"}],"author":[{"embeddable":true,"href":"https:\/\/nextterragroup.com\/fr\/wp-json\/wp\/v2\/users\/3"}],"replies":[{"embeddable":true,"href":"https:\/\/nextterragroup.com\/fr\/wp-json\/wp\/v2\/comments?post=2011"}],"version-history":[{"count":11,"href":"https:\/\/nextterragroup.com\/fr\/wp-json\/wp\/v2\/pages\/2011\/revisions"}],"predecessor-version":[{"id":2590,"href":"https:\/\/nextterragroup.com\/fr\/wp-json\/wp\/v2\/pages\/2011\/revisions\/2590"}],"wp:featuredmedia":[{"embeddable":true,"href":"https:\/\/nextterragroup.com\/fr\/wp-json\/wp\/v2\/media\/2013"}],"wp:attachment":[{"href":"https:\/\/nextterragroup.com\/fr\/wp-json\/wp\/v2\/media?parent=2011"}],"curies":[{"name":"wp","href":"https:\/\/api.w.org\/{rel}","templated":true}]}}