{"id":2007,"date":"2021-02-02T08:28:21","date_gmt":"2021-02-02T08:28:21","guid":{"rendered":"https:\/\/nextterragroup.com\/the-ecocycling-process-equipment\/"},"modified":"2021-03-03T23:50:28","modified_gmt":"2021-03-03T23:50:28","slug":"lequipement-procede-ecocycling","status":"publish","type":"page","link":"https:\/\/nextterragroup.com\/fr\/lequipement-procede-ecocycling\/","title":{"rendered":"L&rsquo;\u00e9quipement de proc\u00e9d\u00e9 ECOCYCLING"},"content":{"rendered":"<p>[vc_row][vc_column][vc_empty_space height=\u00a0\u00bb50px\u00a0\u00bb][\/vc_column][\/vc_row][vc_row][vc_column width=\u00a0\u00bb1\/2&Prime;][vc_column_text]Les principales composantes d\u2019une usine comprennent des stations de chargement, un syst\u00e8me de pr\u00e9-tri, un broyeur \u00e0 vitesse lente, les syst\u00e8mes de convoyeurs n\u00e9cessaires, ainsi qu\u2019un ou plusieurs broyeurs \u00e0 flux transversal d\u00e9velopp\u00e9s pour le processus ECOCYCLING. Tout type de syst\u00e8me de tri ou de recyclage peut \u00e9galement \u00eatre utilis\u00e9 avant le syst\u00e8me ECOCYCLING pour extraire les mati\u00e8res recyclables ayant une valeur marchande, comme le PET. Des syst\u00e8mes d&rsquo;extraction des m\u00e9taux ferreux et non ferreux font partie int\u00e9grante des \u00e9quipements utilis\u00e9s.<\/p>\r\n<p>Les syst\u00e8mes d&rsquo;homog\u00e9n\u00e9isation qui assurent une r\u00e9partition \u00e9gale des mati\u00e8res broy\u00e9es sont une partie essentielle du syst\u00e8me int\u00e9gr\u00e9. Le criblage et la s\u00e9paration de diff\u00e9rentes granularit\u00e9s garantissent l&rsquo;obtention d\u2019une mati\u00e8re r\u00e9sultante de qualit\u00e9. La mati\u00e8re non-conforme s\u00e9par\u00e9e au criblage est r\u00e9introduite dans le syst\u00e8me de production et trait\u00e9e \u00e0 nouveau.<\/p>\r\n<p>La technologie est robuste, simple \u00e0 entretenir et les pi\u00e8ces de rechange nous sont facilement disponibles.[\/vc_column_text][\/vc_column][vc_column width=\u00a0\u00bb1\/2&Prime;][vc_empty_space height=\u00a0\u00bb45px\u00a0\u00bb][vc_single_image image=\u00a0\u00bb2574&Prime; img_size=\u00a0\u00bblarge\u00a0\u00bb alignment=\u00a0\u00bbcenter\u00a0\u00bb][\/vc_column][\/vc_row][vc_row][vc_column][vc_empty_space height=\u00a0\u00bb100px\u00a0\u00bb][\/vc_column][\/vc_row]<\/p>\r\n","protected":false},"excerpt":{"rendered":"<p>[vc_row][vc_column][vc_empty_space height=\u00a0\u00bb50px\u00a0\u00bb][\/vc_column][\/vc_row][vc_row][vc_column width=\u00a0\u00bb1\/2&Prime;][vc_column_text]Les principales composantes d\u2019une usine comprennent des stations de chargement, un syst\u00e8me de pr\u00e9-tri, un broyeur \u00e0 vitesse lente, les syst\u00e8mes de convoyeurs n\u00e9cessaires, ainsi qu\u2019un ou plusieurs broyeurs \u00e0 flux transversal d\u00e9velopp\u00e9s pour le processus ECOCYCLING. Tout type de syst\u00e8me de tri ou de recyclage peut \u00e9galement \u00eatre utilis\u00e9 avant le syst\u00e8me [&hellip;]<\/p>\n","protected":false},"author":3,"featured_media":2521,"parent":0,"menu_order":0,"comment_status":"closed","ping_status":"open","template":"","meta":{"footnotes":""},"class_list":["post-2007","page","type-page","status-publish","has-post-thumbnail","hentry"],"_links":{"self":[{"href":"https:\/\/nextterragroup.com\/fr\/wp-json\/wp\/v2\/pages\/2007","targetHints":{"allow":["GET"]}}],"collection":[{"href":"https:\/\/nextterragroup.com\/fr\/wp-json\/wp\/v2\/pages"}],"about":[{"href":"https:\/\/nextterragroup.com\/fr\/wp-json\/wp\/v2\/types\/page"}],"author":[{"embeddable":true,"href":"https:\/\/nextterragroup.com\/fr\/wp-json\/wp\/v2\/users\/3"}],"replies":[{"embeddable":true,"href":"https:\/\/nextterragroup.com\/fr\/wp-json\/wp\/v2\/comments?post=2007"}],"version-history":[{"count":8,"href":"https:\/\/nextterragroup.com\/fr\/wp-json\/wp\/v2\/pages\/2007\/revisions"}],"predecessor-version":[{"id":2577,"href":"https:\/\/nextterragroup.com\/fr\/wp-json\/wp\/v2\/pages\/2007\/revisions\/2577"}],"wp:featuredmedia":[{"embeddable":true,"href":"https:\/\/nextterragroup.com\/fr\/wp-json\/wp\/v2\/media\/2521"}],"wp:attachment":[{"href":"https:\/\/nextterragroup.com\/fr\/wp-json\/wp\/v2\/media?parent=2007"}],"curies":[{"name":"wp","href":"https:\/\/api.w.org\/{rel}","templated":true}]}}