{"id":2000,"date":"2019-01-16T18:19:25","date_gmt":"2019-01-16T18:19:25","guid":{"rendered":"https:\/\/nextterragroup.com\/our-values\/"},"modified":"2021-02-11T23:45:38","modified_gmt":"2021-02-11T23:45:38","slug":"nos-valeurs","status":"publish","type":"page","link":"https:\/\/nextterragroup.com\/fr\/nos-valeurs\/","title":{"rendered":"Nos valeurs"},"content":{"rendered":"[vc_row][vc_column width=\u00a0\u00bb1\/2&Prime;][vc_empty_space height=\u00a0\u00bb15px\u00a0\u00bb][vc_single_image image=\u00a0\u00bb1356&Prime; img_size=\u00a0\u00bbfull\u00a0\u00bb alignment=\u00a0\u00bbcenter\u00a0\u00bb][vc_empty_space height=\u00a0\u00bb25px\u00a0\u00bb][\/vc_column][vc_column width=\u00a0\u00bb1\/2&Prime;][vc_column_text]Lorsque vous embauchez NTG pour prendre en charge un projet, vous \u00eates entre les mains de professionnels d\u00e9vou\u00e9s en qui vous pouvez avoir confiance pour assumer la responsabilit\u00e9 de leur travail. Nous sommes b\u00e2tis sur des valeurs et une morale canadiennes \u00e9tablies de longue date. Nous t\u00e9moignons et honorons ce m\u00eame respect avec les partenaires de nos fournisseurs, les affiliations au r\u00e9seau et les uns avec les autres.\r\n\r\n<strong>LA DIFF\u00c9RENCE<\/strong>\r\n\r\nNous sommes une \u00e9quipe compos\u00e9e d&rsquo;individus exceptionnellement uniques, tous dot\u00e9s de nos propres capacit\u00e9s distinctes et diversifi\u00e9es qui continuent d&rsquo;\u00eatre fiers de l&rsquo;endroit o\u00f9 nous travaillons et de ce que notre entreprise repr\u00e9sente.\r\n\r\nAvec notre r\u00e9putation, notre r\u00e9seau pr\u00e9cieux et nos r\u00e9f\u00e9rences nous nous effor\u00e7ons de trouver des clients potentiels et nous nous effor\u00e7ons m\u00e9ticuleusement de ne pas \u00e9luder la connexion que nous avons eu la chance de servir. Nous vous souhaitons la bienvenue et vous invitons \u00e0 partager ces exp\u00e9riences enrichissantes ensemble alors que nous continuons \u00e0 avancer avec une forte croissance et un avenir prosp\u00e8re.[\/vc_column_text][\/vc_column][\/vc_row][vc_row][vc_column][vc_empty_space height=\u00a0\u00bb75px\u00a0\u00bb][\/vc_column][\/vc_row]","protected":false},"excerpt":{"rendered":"<p>[vc_row][vc_column width=\u00a0\u00bb1\/2&Prime;][vc_empty_space height=\u00a0\u00bb15px\u00a0\u00bb][vc_single_image image=\u00a0\u00bb1356&Prime; img_size=\u00a0\u00bbfull\u00a0\u00bb alignment=\u00a0\u00bbcenter\u00a0\u00bb][vc_empty_space height=\u00a0\u00bb25px\u00a0\u00bb][\/vc_column][vc_column width=\u00a0\u00bb1\/2&Prime;][vc_column_text]Lorsque vous embauchez NTG pour prendre en charge un projet, vous \u00eates entre les mains de professionnels d\u00e9vou\u00e9s en qui vous pouvez avoir confiance pour assumer la responsabilit\u00e9 de leur travail. Nous sommes b\u00e2tis sur des valeurs et une morale canadiennes \u00e9tablies de longue date. Nous t\u00e9moignons et [&hellip;]<\/p>\n","protected":false},"author":1,"featured_media":2002,"parent":0,"menu_order":0,"comment_status":"closed","ping_status":"closed","template":"","meta":{"footnotes":""},"class_list":["post-2000","page","type-page","status-publish","has-post-thumbnail","hentry"],"_links":{"self":[{"href":"https:\/\/nextterragroup.com\/fr\/wp-json\/wp\/v2\/pages\/2000","targetHints":{"allow":["GET"]}}],"collection":[{"href":"https:\/\/nextterragroup.com\/fr\/wp-json\/wp\/v2\/pages"}],"about":[{"href":"https:\/\/nextterragroup.com\/fr\/wp-json\/wp\/v2\/types\/page"}],"author":[{"embeddable":true,"href":"https:\/\/nextterragroup.com\/fr\/wp-json\/wp\/v2\/users\/1"}],"replies":[{"embeddable":true,"href":"https:\/\/nextterragroup.com\/fr\/wp-json\/wp\/v2\/comments?post=2000"}],"version-history":[{"count":7,"href":"https:\/\/nextterragroup.com\/fr\/wp-json\/wp\/v2\/pages\/2000\/revisions"}],"predecessor-version":[{"id":2512,"href":"https:\/\/nextterragroup.com\/fr\/wp-json\/wp\/v2\/pages\/2000\/revisions\/2512"}],"wp:featuredmedia":[{"embeddable":true,"href":"https:\/\/nextterragroup.com\/fr\/wp-json\/wp\/v2\/media\/2002"}],"wp:attachment":[{"href":"https:\/\/nextterragroup.com\/fr\/wp-json\/wp\/v2\/media?parent=2000"}],"curies":[{"name":"wp","href":"https:\/\/api.w.org\/{rel}","templated":true}]}}