{"id":1995,"date":"2021-02-02T07:13:41","date_gmt":"2021-02-02T07:13:41","guid":{"rendered":"https:\/\/nextterragroup.com\/home\/"},"modified":"2021-02-09T00:09:48","modified_gmt":"2021-02-09T00:09:48","slug":"home","status":"publish","type":"page","link":"https:\/\/nextterragroup.com\/fr\/","title":{"rendered":"Accueil"},"content":{"rendered":"[vc_row][vc_column][rev_slider_vc alias=\u00a0\u00bbHome\u00a0\u00bb][\/vc_column][\/vc_row][vc_row full_width=\u00a0\u00bbstretch_row\u00a0\u00bb css=\u00a0\u00bb.vc_custom_1612390132501{padding-top: 80px !important;padding-bottom: 100px !important;background-color: #ffffff !important;}\u00a0\u00bb][vc_column][block_mailchimp mailchimp_title=\u00a0\u00bbInscription \u00e0 la newsletter\u00a0\u00bb]Abonnez-vous \u00e0 notre newsletter hebdomadaire pour \u00eatre averti et rester inform\u00e9 des derni\u00e8res actions d&rsquo;actualit\u00e9s Renew![\/block_mailchimp][\/vc_column][\/vc_row]","protected":false},"excerpt":{"rendered":"<p>[vc_row][vc_column][rev_slider_vc alias=\u00a0\u00bbHome\u00a0\u00bb][\/vc_column][\/vc_row][vc_row full_width=\u00a0\u00bbstretch_row\u00a0\u00bb css=\u00a0\u00bb.vc_custom_1612390132501{padding-top: 80px !important;padding-bottom: 100px !important;background-color: #ffffff !important;}\u00a0\u00bb][vc_column][block_mailchimp mailchimp_title=\u00a0\u00bbInscription \u00e0 la newsletter\u00a0\u00bb]Abonnez-vous \u00e0 notre newsletter hebdomadaire pour \u00eatre averti et rester inform\u00e9 des derni\u00e8res actions d&rsquo;actualit\u00e9s Renew![\/block_mailchimp][\/vc_column][\/vc_row]<\/p>\n","protected":false},"author":3,"featured_media":0,"parent":0,"menu_order":0,"comment_status":"closed","ping_status":"closed","template":"home-template.php","meta":{"footnotes":""},"class_list":["post-1995","page","type-page","status-publish","hentry"],"_links":{"self":[{"href":"https:\/\/nextterragroup.com\/fr\/wp-json\/wp\/v2\/pages\/1995","targetHints":{"allow":["GET"]}}],"collection":[{"href":"https:\/\/nextterragroup.com\/fr\/wp-json\/wp\/v2\/pages"}],"about":[{"href":"https:\/\/nextterragroup.com\/fr\/wp-json\/wp\/v2\/types\/page"}],"author":[{"embeddable":true,"href":"https:\/\/nextterragroup.com\/fr\/wp-json\/wp\/v2\/users\/3"}],"replies":[{"embeddable":true,"href":"https:\/\/nextterragroup.com\/fr\/wp-json\/wp\/v2\/comments?post=1995"}],"version-history":[{"count":3,"href":"https:\/\/nextterragroup.com\/fr\/wp-json\/wp\/v2\/pages\/1995\/revisions"}],"predecessor-version":[{"id":2117,"href":"https:\/\/nextterragroup.com\/fr\/wp-json\/wp\/v2\/pages\/1995\/revisions\/2117"}],"wp:attachment":[{"href":"https:\/\/nextterragroup.com\/fr\/wp-json\/wp\/v2\/media?parent=1995"}],"curies":[{"name":"wp","href":"https:\/\/api.w.org\/{rel}","templated":true}]}}