{"id":1992,"date":"2021-02-03T08:04:28","date_gmt":"2021-02-03T08:04:28","guid":{"rendered":"https:\/\/nextterragroup.com\/environmental\/"},"modified":"2021-03-03T23:55:42","modified_gmt":"2021-03-03T23:55:42","slug":"environnement","status":"publish","type":"page","link":"https:\/\/nextterragroup.com\/fr\/environnement\/","title":{"rendered":"Environnement"},"content":{"rendered":"<p>[vc_row][vc_column][rev_slider_vc alias=\u00a0\u00bbEnvironmental\u00a0\u00bb][\/vc_column][\/vc_row][vc_row full_width=\u00a0\u00bbstretch_row\u00a0\u00bb content_placement=\u00a0\u00bbtop\u00a0\u00bb ptextcolor=\u00a0\u00bbtext-white\u00a0\u00bb css=\u00a0\u00bb.vc_custom_1612386332987{margin-top: -35px !important;margin-bottom: 0px !important;padding-top: 28px !important;padding-bottom: 0px !important;background-color: #009640 !important;}\u00a0\u00bb el_id=\u00a0\u00bbrow01&Prime;][vc_column width=\u00a0\u00bb2\/3&Prime;][vc_column_text]<\/p>\r\n<h4>Toujours r\u00e9pondre \u00e0 vos questions et conseiller dans le domaine de l&rsquo;environnement<\/h4>\r\n<p>[\/vc_column_text][\/vc_column][vc_column width=\u00a0\u00bb1\/3&Prime; el_class=\u00a0\u00bbtext-right\u00a0\u00bb][vc_btn title=\u00a0\u00bbPoser une question\u00a0\u00bb style=\u00a0\u00bbcustom\u00a0\u00bb custom_background=\u00a0\u00bb#009640&Prime; custom_text=\u00a0\u00bb#ffffff\u00a0\u00bb shape=\u00a0\u00bbsquare\u00a0\u00bb link=\u00a0\u00bburl:https%3A%2F%2Fnextterragroup.com%2Ffr%2Fnous-contacter%2F|title:Contact||\u00a0\u00bb css=\u00a0\u00bb.vc_custom_1612838020058{margin-top: -15px !important;border-top-width: 3px !important;border-right-width: 3px !important;border-bottom-width: 3px !important;border-left-width: 3px !important;border-left-color: #ffffff !important;border-left-style: solid !important;border-right-color: #ffffff !important;border-right-style: solid !important;border-top-color: #ffffff !important;border-top-style: solid !important;border-bottom-color: #ffffff !important;border-bottom-style: solid !important;}\u00a0\u00bb][\/vc_column][\/vc_row][vc_row][vc_column][vc_empty_space height=\u00a0\u00bb85px\u00a0\u00bb][\/vc_column][\/vc_row][vc_row][vc_column][vc_row_inner][vc_column_inner width=\u00a0\u00bb1\/2&Prime;][vc_empty_space height=\u00a0\u00bb25px\u00a0\u00bb][vc_single_image image=\u00a0\u00bb2560&Prime; img_size=\u00a0\u00bbmedium\u00a0\u00bb alignment=\u00a0\u00bbcenter\u00a0\u00bb style=\u00a0\u00bbvc_box_rounded\u00a0\u00bb onclick=\u00a0\u00bbcustom_link\u00a0\u00bb img_link_target=\u00a0\u00bb_blank\u00a0\u00bb link=\u00a0\u00bbhttp:\/\/02landfill.com\/\u00a0\u00bb][vc_empty_space height=\u00a0\u00bb25px\u00a0\u00bb][\/vc_column_inner][vc_column_inner width=\u00a0\u00bb1\/2&Prime;][vc_empty_space height=\u00a0\u00bb10px\u00a0\u00bb][vc_column_text]Le GROUPE NEXT TERRA Inc. (NEXT TERRA) con\u00e7oit des usines int\u00e9gratives \u00ab Z\u00c9RO-ENFOUISSEMENT \u00bb en termes de conversion des r\u00e9sidus ultimes en produits utiles, des usines qui int\u00e8grent \u00e9galement des strat\u00e9gies de production d&rsquo;\u00e9nergie renouvelable, qui sont au c\u0153ur m\u00eame de sa philosophie d&rsquo;entreprise.<\/p>\r\n<p>&nbsp;<\/p>\r\n<p>NEXT TERRA a identifi\u00e9 des technologies uniques d&rsquo;entreprises ayant une port\u00e9e locale et mondiale, chacune \u00e9tant un leader du d\u00e9veloppement durable (cleantech).[\/vc_column_text][vc_single_image image=\u00a0\u00bb1643&Prime; img_size=\u00a0\u00bbmedium\u00a0\u00bb][vc_column_text]<\/p>\r\n<h4>TOUS LES PROC\u00c9D\u00c9S, BREVET\u00c9S OU NON, UTILIS\u00c9S PAR NEXT TERRA EXISTENT AUJOURD&rsquo;HUI; EN TANT QU&rsquo;INT\u00c9GRATEURS, NOUS LES OP\u00c9RERONS DE MANI\u00c8RE TOTALEMENT SYNERGISTIQUE.<\/h4>\r\n<p>[\/vc_column_text][\/vc_column_inner][\/vc_row_inner][\/vc_column][\/vc_row][vc_row css=\u00a0\u00bb.vc_custom_1451758597152{padding-top: 70px !important;padding-bottom: 70px !important;}\u00a0\u00bb][vc_column][vc_column_text]Le potentiel de croissance est gigantesque; au Qu\u00e9bec, par exemple, 1,25 million de tonnes \/ an de boues d&rsquo;\u00e9puration sont \u00e9pandues sur des terres agricoles, sans trop de traitement pr\u00e9alable, et des millions de tonnes de r\u00e9sidus ultimes sont encore enfouies.<\/p>\r\n<p>Il existe donc une r\u00e9elle opportunit\u00e9 de construire \u00b1 25 complexes int\u00e9gr\u00e9s NEXT TERRA au Qu\u00e9bec. De plus, nous pouvons excaver des anciens sites d\u2019enfouissement, en recycler et valoriser leurs contenus, ce qui en soi ouvre un tout nouveau march\u00e9 bien int\u00e9ressant.[\/vc_column_text][\/vc_column][\/vc_row][vc_row][vc_column][vc_separator color=\u00a0\u00bbcustom\u00a0\u00bb border_width=\u00a0\u00bb3&Prime; accent_color=\u00a0\u00bb#009640&Prime;][\/vc_column][\/vc_row][vc_row][vc_column][block_bg_title title=\u00a0\u00bbNOTRE MISSION\u00a0\u00bb css_animation=\u00a0\u00bbzoomIn\u00a0\u00bb title_color=\u00a0\u00bb#ffffff\u00a0\u00bb][vc_empty_space height=\u00a0\u00bb70px\u00a0\u00bb][\/vc_column][\/vc_row][vc_row][vc_column][vc_custom_heading text=\u00a0\u00bbRED\u00c9FINIR LES M\u00c9THODES D&rsquo;\u00c9LIMINATION DES SOI-DISANT \u00ab D\u00c9CHETS \u00bb\u00a0\u00bb font_container=\u00a0\u00bbtag:h2|font_size:30|text_align:left|color:%23333333&Prime; use_theme_fonts=\u00a0\u00bbyes\u00a0\u00bb][vc_single_image image=\u00a0\u00bb1643&Prime; img_size=\u00a0\u00bbmedium\u00a0\u00bb][vc_row_inner][vc_column_inner width=\u00a0\u00bb1\/2&Prime;][vc_column_text]NEXT TERRA \u00e9l\u00e8ve le concept \u00ab Z\u00c9RO-ENFOUISSEMENT \u00bb en promouvant des projets d&rsquo;infrastructures \u00e9cologiques innovants, int\u00e9grant de brillantes cr\u00e9ations d\u00e9velopp\u00e9es par son propre personnel d&rsquo;ing\u00e9nierie \/ scientifique et ceux de ses partenaires.[\/vc_column_text][vc_column_text]NEXT TERRA pr\u00e9voit de d\u00e9velopper, en partenariat public-priv\u00e9 (si d\u00e9sir\u00e9) et\/ou suivant un mod\u00e8le de \u00ab construction-exploitation-transfert \u00bb (BOOT), ou \u00e0 travers la vente d&rsquo;une installation assortie d&rsquo;un contrat d&rsquo;exploitation, des soci\u00e9t\u00e9s qui rassembleront une entit\u00e9 municipale (ou une ou plusieurs MRC) et des corporations, chacune \u00e9tant experte dans son domaine. NEXT TERRA aspire \u00e0 concevoir, financer, construire et exploiter un r\u00e9seau d&rsquo;usines de conversion de r\u00e9sidus ultimes et de boues, qui comprennent des fonctions de:<\/p>\r\n<ul>\r\n<li><strong>Valorisation de r\u00e9sidus ultimes<\/strong><\/li>\r\n<li><strong>Valorisation de boues d&rsquo;\u00e9puration<\/strong><\/li>\r\n<li><strong>Fabrication de produits pr\u00e9fabriqu\u00e9s en b\u00e9ton (par des partenaires)<\/strong><\/li>\r\n<li><strong>Construction de maisons en b\u00e9ton ou d&rsquo;habitations modiques en kits pour sans-abri (si d\u00e9sir\u00e9)<\/strong><\/li>\r\n<\/ul>\r\n<p>[\/vc_column_text][\/vc_column_inner][vc_column_inner width=\u00a0\u00bb1\/2&Prime;][vc_empty_space height=\u00a0\u00bb20px\u00a0\u00bb][vc_single_image image=\u00a0\u00bb1762&Prime; img_size=\u00a0\u00bblarge\u00a0\u00bb alignment=\u00a0\u00bbcenter\u00a0\u00bb][\/vc_column_inner][\/vc_row_inner][vc_row_inner][vc_column_inner][vc_column_text]Ces usines, qui se pr\u00e9sentent comme \u00e9tant un mod\u00e8le de remplacement aux sites d&rsquo;enfouissement, se veulent un compl\u00e9ment parfait aux programmes de tri s\u00e9lectif mis de l&rsquo;avant par les municipalit\u00e9s et les MRC du Qu\u00e9bec et de l&rsquo;Ontario.[\/vc_column_text][\/vc_column_inner][\/vc_row_inner][\/vc_column][\/vc_row][vc_row][vc_column][vc_empty_space height=\u00a0\u00bb45px\u00a0\u00bb][\/vc_column][\/vc_row][vc_row][vc_column][vc_custom_heading text=\u00a0\u00bbSOLUTIONS COMPL\u00c9MENTAIRES AUX CENTRES DE TRANSBORDEMENT\u00a0\u00bb font_container=\u00a0\u00bbtag:h2|font_size:30|text_align:left|color:%23333333&Prime; use_theme_fonts=\u00a0\u00bbyes\u00a0\u00bb][vc_single_image image=\u00a0\u00bb1643&Prime; img_size=\u00a0\u00bbmedium\u00a0\u00bb][\/vc_column][\/vc_row][vc_row][vc_column width=\u00a0\u00bb1\/2&Prime;][vc_single_image image=\u00a0\u00bb1846&Prime; img_size=\u00a0\u00bblarge\u00a0\u00bb][vc_column_text]Une usine NEXT TERRA compl\u00e8te comprend de 4 fonctions principales\/optionnelles:[\/vc_column_text][vc_btn title=\u00a0\u00bbApprendre encore plus\u00a0\u00bb style=\u00a0\u00bbcustom\u00a0\u00bb custom_background=\u00a0\u00bb#009640&Prime; custom_text=\u00a0\u00bb#ffffff\u00a0\u00bb shape=\u00a0\u00bbsquare\u00a0\u00bb link=\u00a0\u00bburl:https%3A%2F%2Fnextterragroup.com%2Ffr%2Flequipement-procede-ecocycling%2F|||\u00a0\u00bb css=\u00a0\u00bb.vc_custom_1612895024807{margin-top: -15px !important;border-top-width: 3px !important;border-bottom-width: 3px !important;border-left-width: 3px !important;padding-right: 3px !important;border-left-color: #222222 !important;border-top-color: #222222 !important;border-bottom-color: #222222 !important;}\u00a0\u00bb][\/vc_column][vc_column width=\u00a0\u00bb1\/2&Prime;][vc_tta_accordion style=\u00a0\u00bbmodern\u00a0\u00bb active_section=\u00a0\u00bb1&Prime;][vc_tta_section title=\u00a0\u00bbUSINE PRINCIPALE:\u00a0\u00bb tab_id=\u00a0\u00bb1612407298972-9b75197d-bc85&Prime;][vc_column_text]Une usine comprenant\u00a0: la r\u00e9ception et le tri des d\u00e9chets mixtes re\u00e7us par tamis rotatif, l&rsquo;acheminement des \u00ab r\u00e9sidus ultimes \u00bb souhait\u00e9s vers un d\u00e9chiqueteur, l&rsquo;acheminement du mat\u00e9riau d\u00e9chiquet\u00e9 vers un broyeur qui r\u00e9duit les particules \u00e0 \u00b1 2-3 mm, l\u2019acheminement des particules broy\u00e9es vers un m\u00e9langeur o\u00f9 des additifs sont incorpor\u00e9s pour produire un agr\u00e9gat \u00e9cologique totalement novateur; ces fonctions font partie int\u00e9grante du processus de \u00ab min\u00e9ralisation \u00e0 froid \u00bb.[\/vc_column_text][\/vc_tta_section][vc_tta_section title=\u00a0\u00bbPREMI\u00c8RE SECTION OPTIONNELLE:\u00a0\u00bb tab_id=\u00a0\u00bb1612407299006-a0a20104-7f7b\u00a0\u00bb][vc_column_text]Une section o\u00f9 l&rsquo;agr\u00e9gat pr\u00e9alablement pr\u00e9par\u00e9 sera m\u00e9lang\u00e9 avec du ciment Portland (ou un ciment \u00e9cologique fabriqu\u00e9 par une compagnie collaboratrice) et des adjuvants. Le produit fini sera ensuite utilis\u00e9 dans des moules ou des presses qui fabriqueront des produits en b\u00e9ton pr\u00e9contraint; cette fonction serait remplie par un partenaire contractant.[\/vc_column_text][\/vc_tta_section][vc_tta_section title=\u00a0\u00bbDEUXI\u00c8ME SECTION OPTIONNELLE:\u00a0\u00bb tab_id=\u00a0\u00bb1612408222269-1741a41f-affc\u00a0\u00bb][vc_column_text]Une section, similaire \u00e0 celle qui re\u00e7oit et pr\u00e9pare les r\u00e9sidus ultimes, mais qui est adapt\u00e9e pour recevoir les boues d&rsquo;\u00e9puration et qui les convertira en mati\u00e8re fertilisante de haute qualit\u00e9. Le digestat issu d&rsquo;une section optionnelle de digestion ana\u00e9robie (voir point suivant) pourra y \u00eatre m\u00e9lang\u00e9, une fois les boues trait\u00e9es.[\/vc_column_text][\/vc_tta_section][vc_tta_section title=\u00a0\u00bbTROISI\u00c8ME SECTION OPTIONNELLE:\u00a0\u00bb tab_id=\u00a0\u00bb1612408289657-4aa35234-2631&Prime;][vc_column_text]Une section o\u00f9 nous recevrons des d\u00e9chets et boues organiques qui deviendront les intrants d&rsquo;un syst\u00e8me de digestion ana\u00e9robie, lequel syst\u00e8me produira du biogaz, qui sera ensuite purifi\u00e9 avant d&rsquo;\u00eatre vendu (au Qu\u00e9bec) ou utilis\u00e9 comme carburant pour un moteur qui produira notre propre \u00e9lectricit\u00e9 (\u00b1 1 MW).[\/vc_column_text][\/vc_tta_section][\/vc_tta_accordion][\/vc_column][\/vc_row][vc_row][vc_column][vc_empty_space height=\u00a0\u00bb85px\u00a0\u00bb][\/vc_column][\/vc_row][vc_row][vc_column][vc_separator color=\u00a0\u00bbcustom\u00a0\u00bb border_width=\u00a0\u00bb3&Prime; accent_color=\u00a0\u00bb#009640&Prime;][\/vc_column][\/vc_row][vc_row][vc_column][block_bg_title title=\u00a0\u00bbZ\u00c9RO-ENFOUISSEMENT \u2013 QUE DES B\u00c9N\u00c9FICES\u00a0\u00bb css_animation=\u00a0\u00bbzoomIn\u00a0\u00bb title_color=\u00a0\u00bb#ffffff\u00a0\u00bb][vc_empty_space height=\u00a0\u00bb70px\u00a0\u00bb][\/vc_column][\/vc_row][vc_row][vc_column][vc_row_inner][vc_column_inner width=\u00a0\u00bb1\/2&Prime;][vc_custom_heading text=\u00a0\u00bbUN \u00abMUST\u00bb POUR LES MUNICIPALIT\u00c9S\u00a0\u00bb font_container=\u00a0\u00bbtag:h2|font_size:30|text_align:left|color:%23333333&Prime; use_theme_fonts=\u00a0\u00bbyes\u00a0\u00bb][vc_single_image image=\u00a0\u00bb1643&Prime; img_size=\u00a0\u00bbmedium\u00a0\u00bb][vc_column_text]NEXT TERRA d\u00e9tient les droits de commercialisation et d&rsquo;exploitation de technologies \u00e9prouv\u00e9es d\u00e9j\u00e0 en service et financ\u00e9es ailleurs. NEXT TERRA offre aux entit\u00e9s publiques une opportunit\u00e9:<\/p>\r\n<ul>\r\n<li>D\u2019analyser et \u00e9valuer les meilleures technologies disponibles pour l&rsquo;\u00e9limination des r\u00e9sidus ultimes afin de minimiser leurs co\u00fbts et de plut\u00f4t justifier des profits. Les usines sont con\u00e7ues en tenant compte de la quantit\u00e9 et de la composition des d\u00e9chets g\u00e9n\u00e9r\u00e9s sur leur territoire.<\/li>\r\n<li>De s\u2019adjoindre \u00e0 une \u00e9quipe qui r\u00e9alisera l&rsquo;exercice de diligence raisonnable et d&rsquo;analyse \u00e9conomique de chacun des projets.<\/li>\r\n<li>D\u2019\u00eatre accompagn\u00e9e dans la gestion de leurs plans de gestion des mati\u00e8res r\u00e9siduelles (PGMR).<\/li>\r\n<li>De b\u00e9n\u00e9ficier d&rsquo;une conception d&rsquo;usine optimale, int\u00e9grant les meilleures technologies pour g\u00e9rer les d\u00e9chets entrants et les produits sortants utilisables.<\/li>\r\n<li>De laisser \u00e0 des professionnels exp\u00e9riment\u00e9s la t\u00e2che de construire, g\u00e9rer et exploiter les usines et d\u2019assurer la direction et la co-supervision des projets, conjointement avec ses propres fonctionnaires responsables.<\/li>\r\n<li>D\u2019avoir acc\u00e8s \u00e0 du financement, si n\u00e9cessaire, pour racheter le(s) projet(s) lors de la phase de transfert.<\/li>\r\n<\/ul>\r\n<p>[\/vc_column_text][vc_empty_space][\/vc_column_inner][vc_column_inner width=\u00a0\u00bb1\/2&Prime;][vc_custom_heading text=\u00a0\u00bbB\u00c9N\u00c9FICES SOCI\u00c9TAUX\u00a0\u00bb font_container=\u00a0\u00bbtag:h2|font_size:30|text_align:left|color:%23333333&Prime; use_theme_fonts=\u00a0\u00bbyes\u00a0\u00bb][vc_single_image image=\u00a0\u00bb1643&Prime; img_size=\u00a0\u00bbmedium\u00a0\u00bb][vc_column_text]<\/p>\r\n<ul>\r\n<li>Cr\u00e9ation de plus de 50 emplois pendant la phase de construction plus \u00b1 20 emplois permanents par an sur le cycle de vie de <u>chacun<\/u> des projets verts NEXT TERRA.<\/li>\r\n<li>Am\u00e9liorer les moyens de subsistance des travailleurs et de leurs familles dans les zones o\u00f9 des installations d\u00e9centralis\u00e9es NEXT TERRA seront construites; garderies sur place (possiblement) pour soutenir les parents qui travaillent \u00e0 l&rsquo;usine NEXT TERRA.<\/li>\r\n<li>Possibilit\u00e9 de formation professionnelle et de r\u00e9insertion sociale pour les travailleurs peu qualifi\u00e9s.<\/li>\r\n<li>Une augmentation proportionnelle des valeurs immobili\u00e8res des r\u00e9gions; les quartiers morts et les terres abandonn\u00e9es peuvent \u00eatre ramen\u00e9s \u00e0 la vie et reconstruits.<\/li>\r\n<li>Si n\u00e9cessaire, construction de logements en b\u00e9ton abordables ou de petits abris pour les sans-abris \u00e0 partir des agr\u00e9gats produits, pour aider \u00e0 soutenir les programmes de r\u00e9duction de la pauvret\u00e9 et de logement municipal.<\/li>\r\n<\/ul>\r\n<p>[\/vc_column_text][\/vc_column_inner][\/vc_row_inner][vc_empty_space][vc_row_inner][vc_column_inner width=\u00a0\u00bb1\/2&Prime;][vc_custom_heading text=\u00a0\u00bbB\u00c9N\u00c9FICES ENVIRONNEMENTAUX\u00a0\u00bb font_container=\u00a0\u00bbtag:h2|font_size:30|text_align:left|color:%23333333&Prime; use_theme_fonts=\u00a0\u00bbyes\u00a0\u00bb][vc_single_image image=\u00a0\u00bb1643&Prime; img_size=\u00a0\u00bbmedium\u00a0\u00bb][vc_column_text]<\/p>\r\n<ul>\r\n<li>R\u00e9utilisation et conversion de pr\u00e8s de 100% des d\u00e9chets ultimes re\u00e7us, au lieu de les envoyer aux sites d\u2019enfouissement.<\/li>\r\n<li>Site de conversion efficace pour les boues g\u00e9n\u00e9r\u00e9es par les stations d&rsquo;\u00e9puration et les boues de vidange de fosses septiques.<\/li>\r\n<li>\u00c9limination des odeurs et des lixiviats nocifs associ\u00e9s \u00e0 la mise en site d\u2019enfouissement de plusieurs types de d\u00e9chets ultimes.<\/li>\r\n<li>Des niveaux significatifs d&rsquo;\u00e9vitement du m\u00e9thane g\u00e9n\u00e9ralement associ\u00e9s \u00e0 la d\u00e9composition des d\u00e9chets dans les sites d\u2019enfouissement; cr\u00e9ation de cr\u00e9dits verts &#8211; des centaines\/milliers de tonnes de GES par installation\/par ann\u00e9e non rejet\u00e9es dans l&rsquo;atmosph\u00e8re.<\/li>\r\n<li>Gestion d\u00e9centralis\u00e9e des r\u00e9sidus ultimes offre une r\u00e9duction de la pollution, gr\u00e2ce \u00e0 moins de transport de d\u00e9chets par les camions; les installations d\u00e9centralis\u00e9es sont discr\u00e8tes, moins intimidantes qu&rsquo;une immense centrale de traitement.<\/li>\r\n<li>Potentiel de construction de \u00b1 25 installations dans les diff\u00e9rentes MRC et municipalit\u00e9s du Qu\u00e9bec, qui desserviraient presque tous les r\u00e9sidents de la province, avant de s&rsquo;attaquer aux march\u00e9s ext\u00e9rieurs (Ontario, provinces canadiennes, etc.).<\/li>\r\n<\/ul>\r\n<p>[\/vc_column_text][vc_empty_space][\/vc_column_inner][vc_column_inner width=\u00a0\u00bb1\/2&Prime;][vc_custom_heading text=\u00a0\u00bbB\u00c9N\u00c9FICES \u00c9CONOMIQUES\u00a0\u00bb font_container=\u00a0\u00bbtag:h2|font_size:30|text_align:left|color:%23333333&Prime; use_theme_fonts=\u00a0\u00bbyes\u00a0\u00bb][vc_single_image image=\u00a0\u00bb1643&Prime; img_size=\u00a0\u00bbmedium\u00a0\u00bb][vc_column_text]<\/p>\r\n<ul>\r\n<li>Opportunit\u00e9 d&rsquo;investissement pour toutes les parties prenantes (municipalit\u00e9, province, gouvernement f\u00e9d\u00e9ral, investisseurs traditionnels et\/ou priv\u00e9s).<\/li>\r\n<li>Un projet NEXT TERRA qui prend vie permet la cr\u00e9ation de communaut\u00e9s plus durables.<\/li>\r\n<li>Des \u00ab\u00a0obligations climatiques) peuvent \u00eatre utilis\u00e9es pour lever des fonds et attirer les investisseurs locaux.<\/li>\r\n<li>Les divers contrats seront attribu\u00e9s \u00e0 des entreprises locales d&rsquo;ing\u00e9nierie, de construction et de fabrication, dans la mesure du possible.<\/li>\r\n<li>Cr\u00e9ation de cr\u00e9dits d&rsquo;\u00e9nergie renouvelable (CER) et\/ou d&rsquo;autres incitatifs financiers (concernant la r\u00e9duction du CO2, des NOx, des SOx et de l&rsquo;\u00e9vitement du m\u00e9thane).<\/li>\r\n<li>Capacit\u00e9 \u00e0 remettre les sites d\u2019enfouissement d\u00e9saffect\u00e9s \u00e0 une vocation fonctionnelle.<\/li>\r\n<li>\u00c9conomies potentielles pour une municipalit\u00e9 lors de l&rsquo;achat de b\u00e9ton coulable (pour trottoirs, bases de routes, etc.) ou de produits en b\u00e9ton d&rsquo;ing\u00e9nierie (conduites d&rsquo;\u00e9gout, intercepteurs, murs acoustiques, etc.).<\/li>\r\n<\/ul>\r\n<p>[\/vc_column_text][\/vc_column_inner][\/vc_row_inner][\/vc_column][\/vc_row][vc_row][vc_column][vc_empty_space height=\u00a0\u00bb85px\u00a0\u00bb][\/vc_column][\/vc_row][vc_row][vc_column][vc_separator color=\u00a0\u00bbcustom\u00a0\u00bb border_width=\u00a0\u00bb3&Prime; accent_color=\u00a0\u00bb#009640&Prime;][\/vc_column][\/vc_row][vc_row][vc_column][block_bg_title title=\u00a0\u00bb\u00c9QUIPE INITIALE DE PROJETS ET AVISEURS\u00a0\u00bb css_animation=\u00a0\u00bbzoomIn\u00a0\u00bb title_color=\u00a0\u00bb#ffffff\u00a0\u00bb][vc_empty_space height=\u00a0\u00bb70px\u00a0\u00bb][\/vc_column][\/vc_row][vc_row][vc_column][section_team disable_carousel=\u00a0\u00bb1&Prime; autoplay=\u00a0\u00bb400&Prime; loop=\u00a0\u00bb1&Prime;][section_team_member image=\u00a0\u00bb1876&Prime; name=\u00a0\u00bbM. Ezat Alokozai, B.Sc.\u00a0\u00bb position=\u00a0\u00bbCEO du GROUPE NEXTTERRA et Pr\u00e9sident de POWER-Q\u00a0\u00bb][section_team_member name=\u00a0\u00bbM. Richard L\u00e9pine, B.Sc.\u00a0\u00bb position=\u00a0\u00bbCOO\/Int\u00e9grateur des usines, D\u00e9veloppement des Affaires\u00a0\u00bb image=\u00a0\u00bb1876&Prime;][section_team_member image=\u00a0\u00bb1876&Prime; name=\u00a0\u00bbM. Jean-Luc Plante, B.Ing.\u00a0\u00bb position=\u00a0\u00bbLobbyiste, sp\u00e9cialiste en gestion des mati\u00e8res r\u00e9siduelles\u00a0\u00bb][section_team_member name=\u00a0\u00bb\u00c0 d\u00e9terminer\u00a0\u00bb position=\u00a0\u00bbCFO, planning corporatif, finance du conglom\u00e9rat\u00a0\u00bb image=\u00a0\u00bb1876&Prime;][section_team_member name=\u00a0\u00bbM. Martin D., M.Sc. (Chem.Eng) .\u00a0\u00bb position=\u00a0\u00bbCEO Projets X, direction de l\u2019ing. m\u00e9canique, conversion X.\u00a0\u00bb image=\u00a0\u00bb1876&Prime;][section_team_member image=\u00a0\u00bb2123&Prime; name=\u00a0\u00bbM. Peter M., M.Sc. (Chem.Eng).\u00a0\u00bb position=\u00a0\u00bbCOO Projets X, direction de l\u2019ing. de proc\u00e9d\u00e9, conversion X\u00a0\u00bb][section_team_member image=\u00a0\u00bb2123&Prime; name=\u00a0\u00bbDr. Michel L., Ph.D.\u00a0\u00bb position=\u00a0\u00bbConseiller principal R&amp;D, Prima Qu\u00e9bec, innovation en mat\u00e9riaux avanc\u00e9s\u00a0\u00bb][section_team_member image=\u00a0\u00bb2123&Prime; name=\u00a0\u00bbM. Jean-Fran\u00e7ois V., M.Sc.\u00a0\u00bb position=\u00a0\u00bbAviseur R&amp;D, CTTEI St-Hyacinthe, mat\u00e9riaux avanc\u00e9s (lab. b\u00e9ton)\u00a0\u00bb][section_team_member image=\u00a0\u00bb2123&Prime; name=\u00a0\u00bbDr. Aziz C., Ph.D., P. Eng.\u00a0\u00bb position=\u00a0\u00bbAviseur en chef de l\u2019Ing\u00e9nierie (boues) expert MAPAQ\u00a0\u00bb][section_team_member image=\u00a0\u00bb2123&Prime; name=\u00a0\u00bbDr. Mark W., Ph.D.\u00a0\u00bb position=\u00a0\u00bbOfficier R&amp;D, Universit\u00e9 Mc Gill, sp\u00e9cialiste Propri\u00e9t\u00e9 Intellectuelle (IP)\u00a0\u00bb][section_team_member image=\u00a0\u00bb2123&Prime; name=\u00a0\u00bbDr. Val\u00e9rie L., Ph.D.\u00a0\u00bb position=\u00a0\u00bbAviseure, fonctions avanc\u00e9es de traitement des eaux us\u00e9es et lixiviats\u00a0\u00bb][section_team_member name=\u00a0\u00bbMme Fereba Z., B.Sc. Adm.\u00a0\u00bb position=\u00a0\u00bbDirectrice des relations industrielles\u00a0\u00bb image=\u00a0\u00bb2123&Prime;][section_team_member image=\u00a0\u00bb2123&Prime; name=\u00a0\u00bbM. J\u00e9r\u00e9mie B., B.Sc.\u00a0\u00bb position=\u00a0\u00bbTechnologies avanc\u00e9es de manutention de mati\u00e8res r\u00e9siduelles\u00a0\u00bb][\/section_team][vc_empty_space height=\u00a0\u00bb55px\u00a0\u00bb][\/vc_column][\/vc_row][vc_row][vc_column][block_mailchimp mailchimp_title=\u00a0\u00bbINSCRIPTION \u00c0 LA NEWSLETTER\u00a0\u00bb]Abonnez-vous \u00e0 notre newsletter hebdomadaire pour \u00eatre averti et rester inform\u00e9 des derni\u00e8res actions d\u2019actualit\u00e9s Renew![\/block_mailchimp][\/vc_column][\/vc_row][vc_row][vc_column][vc_empty_space height=\u00a0\u00bb80px\u00a0\u00bb][\/vc_column][\/vc_row]<\/p>\r\n","protected":false},"excerpt":{"rendered":"<p>[vc_row][vc_column][rev_slider_vc alias=\u00a0\u00bbEnvironmental\u00a0\u00bb][\/vc_column][\/vc_row][vc_row full_width=\u00a0\u00bbstretch_row\u00a0\u00bb content_placement=\u00a0\u00bbtop\u00a0\u00bb ptextcolor=\u00a0\u00bbtext-white\u00a0\u00bb css=\u00a0\u00bb.vc_custom_1612386332987{margin-top: -35px !important;margin-bottom: 0px !important;padding-top: 28px !important;padding-bottom: 0px !important;background-color: #009640 !important;}\u00a0\u00bb el_id=\u00a0\u00bbrow01&Prime;][vc_column width=\u00a0\u00bb2\/3&Prime;][vc_column_text] Toujours r\u00e9pondre \u00e0 vos questions et conseiller dans le domaine de l&rsquo;environnement [\/vc_column_text][\/vc_column][vc_column width=\u00a0\u00bb1\/3&Prime; el_class=\u00a0\u00bbtext-right\u00a0\u00bb][vc_btn title=\u00a0\u00bbPoser une question\u00a0\u00bb style=\u00a0\u00bbcustom\u00a0\u00bb custom_background=\u00a0\u00bb#009640&Prime; custom_text=\u00a0\u00bb#ffffff\u00a0\u00bb shape=\u00a0\u00bbsquare\u00a0\u00bb link=\u00a0\u00bburl:https%3A%2F%2Fnextterragroup.com%2Ffr%2Fnous-contacter%2F|title:Contact||\u00a0\u00bb css=\u00a0\u00bb.vc_custom_1612838020058{margin-top: -15px !important;border-top-width: 3px !important;border-right-width: 3px !important;border-bottom-width: 3px !important;border-left-width: 3px !important;border-left-color: #ffffff !important;border-left-style: solid [&hellip;]<\/p>\n","protected":false},"author":3,"featured_media":0,"parent":0,"menu_order":0,"comment_status":"closed","ping_status":"closed","template":"home-template.php","meta":{"footnotes":""},"class_list":["post-1992","page","type-page","status-publish","hentry"],"_links":{"self":[{"href":"https:\/\/nextterragroup.com\/fr\/wp-json\/wp\/v2\/pages\/1992","targetHints":{"allow":["GET"]}}],"collection":[{"href":"https:\/\/nextterragroup.com\/fr\/wp-json\/wp\/v2\/pages"}],"about":[{"href":"https:\/\/nextterragroup.com\/fr\/wp-json\/wp\/v2\/types\/page"}],"author":[{"embeddable":true,"href":"https:\/\/nextterragroup.com\/fr\/wp-json\/wp\/v2\/users\/3"}],"replies":[{"embeddable":true,"href":"https:\/\/nextterragroup.com\/fr\/wp-json\/wp\/v2\/comments?post=1992"}],"version-history":[{"count":16,"href":"https:\/\/nextterragroup.com\/fr\/wp-json\/wp\/v2\/pages\/1992\/revisions"}],"predecessor-version":[{"id":2580,"href":"https:\/\/nextterragroup.com\/fr\/wp-json\/wp\/v2\/pages\/1992\/revisions\/2580"}],"wp:attachment":[{"href":"https:\/\/nextterragroup.com\/fr\/wp-json\/wp\/v2\/media?parent=1992"}],"curies":[{"name":"wp","href":"https:\/\/api.w.org\/{rel}","templated":true}]}}