{"id":1989,"date":"2016-01-04T12:18:48","date_gmt":"2016-01-04T12:18:48","guid":{"rendered":"https:\/\/nextterragroup.com\/engineering-construction\/"},"modified":"2021-02-12T02:50:41","modified_gmt":"2021-02-12T02:50:41","slug":"ingenierie-et-construction","status":"publish","type":"page","link":"https:\/\/nextterragroup.com\/fr\/ingenierie-et-construction\/","title":{"rendered":"Ing\u00e9nierie et construction"},"content":{"rendered":"[vc_row][vc_column][rev_slider_vc alias=\u00a0\u00bbENGINEERING\u00a0\u00bb][\/vc_column][\/vc_row][vc_row full_width=\u00a0\u00bbstretch_row\u00a0\u00bb content_placement=\u00a0\u00bbtop\u00a0\u00bb ptextcolor=\u00a0\u00bbtext-white\u00a0\u00bb css=\u00a0\u00bb.vc_custom_1612388143394{margin-top: -35px !important;margin-bottom: 0px !important;padding-top: 28px !important;padding-bottom: 0px !important;background-color: #202020 !important;}\u00a0\u00bb el_id=\u00a0\u00bbrow01&Prime;][vc_column width=\u00a0\u00bb2\/3&Prime;][vc_column_text]\r\n<h4>Toujours r\u00e9pondre \u00e0 vos questions et conseiller dans le domaine de l&rsquo;ing\u00e9nierie<\/h4>\r\n[\/vc_column_text][\/vc_column][vc_column width=\u00a0\u00bb1\/3&Prime; el_class=\u00a0\u00bbtext-right\u00a0\u00bb][vc_btn title=\u00a0\u00bbPoser une question\u00a0\u00bb style=\u00a0\u00bbcustom\u00a0\u00bb custom_background=\u00a0\u00bb#222222&Prime; custom_text=\u00a0\u00bb#ffffff\u00a0\u00bb shape=\u00a0\u00bbsquare\u00a0\u00bb link=\u00a0\u00bburl:https%3A%2F%2Fnextterragroup.com%2Ffr%2Fnous-contacter%2F|title:Contact||\u00a0\u00bb css=\u00a0\u00bb.vc_custom_1613087843975{margin-top: -15px !important;border-top-width: 3px !important;border-right-width: 3px !important;border-bottom-width: 3px !important;border-left-width: 3px !important;border-left-color: #ffffff !important;border-left-style: solid !important;border-right-color: #ffffff !important;border-right-style: solid !important;border-top-color: #ffffff !important;border-top-style: solid !important;border-bottom-color: #ffffff !important;border-bottom-style: solid !important;}\u00a0\u00bb][\/vc_column][\/vc_row][vc_row css=\u00a0\u00bb.vc_custom_1451758597152{padding-top: 70px !important;padding-bottom: 70px !important;}\u00a0\u00bb][vc_column width=\u00a0\u00bb1\/2&Prime;][vc_single_image image=\u00a0\u00bb1006&Prime; img_size=\u00a0\u00bbfull\u00a0\u00bb][vc_single_image image=\u00a0\u00bb1630&Prime; img_size=\u00a0\u00bblarge\u00a0\u00bb][\/vc_column][vc_column width=\u00a0\u00bb1\/2&Prime;][vc_empty_space height=\u00a0\u00bb10px\u00a0\u00bb][vc_custom_heading text=\u00a0\u00bbNTG comprend que la gestion de projet professionnelle est un \u00e9l\u00e9ment strat\u00e9gique du succ\u00e8s des grands projets. Il n&rsquo;y a pas de substitut \u00e0 un gestionnaire de projet comp\u00e9tent \u00e9quip\u00e9 des outils et des ressources appropri\u00e9s pour respecter les calendriers, les budgets et les objectifs du projet \u00e9tablis.\u00a0\u00bb font_container=\u00a0\u00bbtag:p|font_size:23|text_align:left|color:%23525252|line_height:30px\u00a0\u00bb google_fonts=\u00a0\u00bbfont_family:Lato%3A100%2C100italic%2C300%2C300italic%2Cregular%2Citalic%2C700%2C700italic%2C900%2C900italic|font_style:300%20light%20italic%3A300%3Aitalic\u00a0\u00bb css=\u00a0\u00bb.vc_custom_1613060506661{margin-top: -10px !important;margin-bottom: 35px !important;}\u00a0\u00bb][vc_single_image image=\u00a0\u00bb210&Prime;][vc_column_text css=\u00a0\u00bb.vc_custom_1613060646506{margin-top: -20px !important;}\u00a0\u00bb]\r\n<ul>\r\n \t<li style=\"font-weight: 400;\">Utilisation optimale des fonds disponibles<\/li>\r\n \t<li style=\"font-weight: 400;\">Contr\u00f4le de la port\u00e9e des travaux<\/li>\r\n \t<li style=\"font-weight: 400;\">R\u00e9aliste et efficace Planification du projet<\/li>\r\n \t<li style=\"font-weight: 400;\">Utilisation optimale des comp\u00e9tences et des talents<\/li>\r\n \t<li style=\"font-weight: 400;\">Travail d\u2019\u00e9quipe homog\u00e8ne avec les sous-traitants<\/li>\r\n \t<li style=\"font-weight: 400;\">\u00c9viter les retards, les changements et des litiges<\/li>\r\n \t<li style=\"font-weight: 400;\">Am\u00e9lioration de la conception du projet et de la qualit\u00e9 de la construction<\/li>\r\n \t<li style=\"font-weight: 400;\">Flexibilit\u00e9 optimale dans les contrats et les achats<\/li>\r\n<\/ul>\r\n[\/vc_column_text][\/vc_column][\/vc_row][vc_row][vc_column][vc_separator color=\u00a0\u00bbcustom\u00a0\u00bb border_width=\u00a0\u00bb3&Prime; css=\u00a0\u00bb.vc_custom_1612330627304{margin-top: -10px !important;}\u00a0\u00bb accent_color=\u00a0\u00bb#f9b701&Prime;][\/vc_column][\/vc_row][vc_row full_width=\u00a0\u00bbstretch_row\u00a0\u00bb][vc_column][block_bg_title title=\u00a0\u00bbnos partenaires\u00a0\u00bb css_animation=\u00a0\u00bbzoomIn\u00a0\u00bb title_color=\u00a0\u00bb#ffffff\u00a0\u00bb][vc_empty_space height=\u00a0\u00bb50px\u00a0\u00bb][\/vc_column][\/vc_row][vc_row][vc_column][section_brands disable_carousel=\u00a0\u00bb1&Prime; loop=\u00a0\u00bb0&Prime; brands_per_page=\u00a0\u00bb4&Prime;][section_brand image=\u00a0\u00bb1078&Prime; url=\u00a0\u00bburl:https%3A%2F%2Fwww.fabtechnologies.com%2F|title:www.fabtechnologies.com|target:%20_blank|\u00a0\u00bb css_animation=\u00a0\u00bbbounce\u00a0\u00bb][section_brand image=\u00a0\u00bb1077&Prime; url=\u00a0\u00bburl:https%3A%2F%2Fnorda.com%2F|title:www.norda.com|target:%20_blank|\u00a0\u00bb css_animation=\u00a0\u00bbbounce\u00a0\u00bb][section_brand image=\u00a0\u00bb1079&Prime; url=\u00a0\u00bburl:https%3A%2F%2Fpower-q.ca%2F|title:www.power-q.ca|target:%20_blank|\u00a0\u00bb css_animation=\u00a0\u00bbbounce\u00a0\u00bb][section_brand image=\u00a0\u00bb1080&Prime; url=\u00a0\u00bburl:https%3A%2F%2Fpbe-expert.com%2Fen%2Fhome%2F|title:www.pbe-expert.com|target:%20_blank|\u00a0\u00bb css_animation=\u00a0\u00bbbounce\u00a0\u00bb][\/section_brands][\/vc_column][\/vc_row][vc_row][vc_column][vc_empty_space][\/vc_column][\/vc_row][vc_row][vc_column][vc_separator color=\u00a0\u00bbcustom\u00a0\u00bb border_width=\u00a0\u00bb3&Prime; css=\u00a0\u00bb.vc_custom_1612330672061{margin-top: -1px !important;}\u00a0\u00bb accent_color=\u00a0\u00bb#f9b701&Prime;][\/vc_column][\/vc_row][vc_row full_width=\u00a0\u00bbstretch_row\u00a0\u00bb][vc_column][block_bg_title title=\u00a0\u00bbCe que nous offrons\u00a0\u00bb css_animation=\u00a0\u00bbzoomIn\u00a0\u00bb title_color=\u00a0\u00bb#ffffff\u00a0\u00bb][\/vc_column][\/vc_row][vc_row css=\u00a0\u00bb.vc_custom_1612206163082{padding-top: 80px !important;padding-bottom: 60px !important;background-color: #ffffff !important;}\u00a0\u00bb][vc_column][vc_row_inner][vc_column_inner width=\u00a0\u00bb1\/2&Prime;][box_offer offer_image=\u00a0\u00bb1393&Prime; offer_title=\u00a0\u00bbSolutions cl\u00e9s en main\u00a0\u00bb]Nos solutions cl\u00e9s en main comprennent notre vaste r\u00e9seau d\u2019entreprises d\u2019ing\u00e9nierie, d\u2019entreprises de construction et de fournisseurs de produits de construction, ce qui nous aide \u00e0 fournir \u00e0 nos clients des mat\u00e9riaux de haute qualit\u00e9. Nous traitons \u00e9galement avec des sous-traitants bien \u00e9tablis pour effectuer des travaux sur le site tels que des fondations, des travaux m\u00e9caniques et \u00e9lectriques.[\/box_offer][\/vc_column_inner][vc_column_inner width=\u00a0\u00bb1\/2&Prime;][box_offer offer_image=\u00a0\u00bb2270&Prime; offer_title=\u00a0\u00bbConception\u00a0\u00bb]Nos consultants en conception aident \u00e0 concevoir des b\u00e2timents qui sont mieux durables sur le plan commercial, qui inspirent la fiert\u00e9 et refl\u00e8tent votre volont\u00e9 d&rsquo;excellence et d&rsquo;innovation.[\/box_offer][\/vc_column_inner][\/vc_row_inner][vc_row_inner][vc_column_inner width=\u00a0\u00bb1\/2&Prime;][box_offer offer_image=\u00a0\u00bb1016&Prime; offer_title=\u00a0\u00bbDe la concept \u00e0 la conception\u00a0\u00bb]Nous fournissons des services du concept \u00e0 la conception d\u00e9taill\u00e9e et notre compr\u00e9hension approfondie des b\u00e2timents et de la livraison de l\u2019infrastructure nous permet de guider la prise de d\u00e9cision appropri\u00e9e \u00e0 un stade pr\u00e9coce.[\/box_offer][\/vc_column_inner][vc_column_inner width=\u00a0\u00bb1\/2&Prime;][box_offer offer_image=\u00a0\u00bb2272&Prime; offer_title=\u00a0\u00bbGestion\u00a0\u00bb]Nous fournissons une gestion de projet \/ construction exceptionnelle &#8211; de la planification et de la conception aux phases de construction et post-construction &#8211; dans le but d&rsquo;atteindre les objectifs du projet, y compris la gestion de la qualit\u00e9, des co\u00fbts, du temps et de la port\u00e9e.[\/box_offer][\/vc_column_inner][\/vc_row_inner][\/vc_column][\/vc_row][vc_row full_width=\u00a0\u00bbstretch_row\u00a0\u00bb parallax=\u00a0\u00bbcontent-moving\u00a0\u00bb parallax_image=\u00a0\u00bb305&Prime;][vc_column css=\u00a0\u00bb.vc_custom_1612206475839{padding-top: 116px !important;padding-bottom: 120px !important;}\u00a0\u00bb][vc_column_text el_class=\u00a0\u00bbwhite-title\u00a0\u00bb]PROJETS DE NOS PARTENAIRES[\/vc_column_text][vc_row_inner][vc_column_inner width=\u00a0\u00bb1\/3&Prime;][vc_gallery type=\u00a0\u00bbflexslider_slide\u00a0\u00bb interval=\u00a0\u00bb5&Prime; images=\u00a0\u00bb1128,1127,1126&Prime; img_size=\u00a0\u00bbfull\u00a0\u00bb onclick=\u00a0\u00bb\u00a0\u00bb][vc_column_text el_class=\u00a0\u00bbproject_caption\u00a0\u00bb]G\u00e9nie des structures pour la Maison du d\u00e9veloppement durable, Montr\u00e9al[\/vc_column_text][\/vc_column_inner][vc_column_inner width=\u00a0\u00bb1\/3&Prime;][vc_gallery type=\u00a0\u00bbflexslider_slide\u00a0\u00bb interval=\u00a0\u00bb5&Prime; images=\u00a0\u00bb1305,1306,1307,1308,1309&Prime; img_size=\u00a0\u00bbfull\u00a0\u00bb onclick=\u00a0\u00bb\u00a0\u00bb][vc_column_text el_class=\u00a0\u00bbproject_caption\u00a0\u00bb]Les services de construction m\u00e9canique pour le chemin de fer Gasp\u00e9sie pistent des ponts[\/vc_column_text][\/vc_column_inner][vc_column_inner width=\u00a0\u00bb1\/3&Prime;][vc_gallery type=\u00a0\u00bbflexslider_slide\u00a0\u00bb interval=\u00a0\u00bb5&Prime; images=\u00a0\u00bb1314&Prime; img_size=\u00a0\u00bbfull\u00a0\u00bb onclick=\u00a0\u00bb\u00a0\u00bb][vc_column_text el_class=\u00a0\u00bbproject_caption\u00a0\u00bb]Inspection, ing\u00e9nierie pour la r\u00e9paration et la mise \u00e0 niveau des \u00e9quipements de process.[\/vc_column_text][\/vc_column_inner][\/vc_row_inner][vc_row_inner][vc_column_inner width=\u00a0\u00bb1\/3&Prime;][vc_gallery type=\u00a0\u00bbflexslider_slide\u00a0\u00bb interval=\u00a0\u00bb5&Prime; images=\u00a0\u00bb1313&Prime; img_size=\u00a0\u00bbfull\u00a0\u00bb onclick=\u00a0\u00bb\u00a0\u00bb][vc_column_text el_class=\u00a0\u00bbproject_caption\u00a0\u00bb]D\u00e9frichement des for\u00eats et construction de routes toutes saisons[\/vc_column_text][\/vc_column_inner][vc_column_inner width=\u00a0\u00bb1\/3&Prime;][vc_gallery type=\u00a0\u00bbflexslider_slide\u00a0\u00bb interval=\u00a0\u00bb5&Prime; images=\u00a0\u00bb1312&Prime; img_size=\u00a0\u00bbfull\u00a0\u00bb onclick=\u00a0\u00bb\u00a0\u00bb][vc_column_text el_class=\u00a0\u00bbproject_caption\u00a0\u00bb]Plusieurs projets d\u2019ing\u00e9nierie \u00e9lectrique pour Arabtec Holding[\/vc_column_text][\/vc_column_inner][vc_column_inner width=\u00a0\u00bb1\/3&Prime;][vc_gallery type=\u00a0\u00bbflexslider_slide\u00a0\u00bb interval=\u00a0\u00bb5&Prime; images=\u00a0\u00bb1315&Prime; img_size=\u00a0\u00bbfull\u00a0\u00bb onclick=\u00a0\u00bb\u00a0\u00bb][vc_column_text el_class=\u00a0\u00bbproject_caption\u00a0\u00bb]Construction d\u2019un nouveau quai pour les grands navires de croisi\u00e8re \u00e0 La Baie[\/vc_column_text][\/vc_column_inner][\/vc_row_inner][\/vc_column][\/vc_row][vc_row][vc_column][block_bg_title title=\u00a0\u00bbNotre expertise\u00a0\u00bb css_animation=\u00a0\u00bbzoomIn\u00a0\u00bb title_color=\u00a0\u00bb#ffffff\u00a0\u00bb][vc_empty_space height=\u00a0\u00bb70&Prime;][vc_row_inner][vc_column_inner width=\u00a0\u00bb1\/4&Prime; css=\u00a0\u00bb.vc_custom_1613098169856{background-color: #222222 !important;}\u00a0\u00bb][vc_single_image image=\u00a0\u00bb1051&Prime; add_caption=\u00a0\u00bbyes\u00a0\u00bb alignment=\u00a0\u00bbcenter\u00a0\u00bb][\/vc_column_inner][vc_column_inner width=\u00a0\u00bb1\/4&Prime; css=\u00a0\u00bb.vc_custom_1613098180560{background-color: #f8b601 !important;}\u00a0\u00bb][vc_single_image image=\u00a0\u00bb2493&Prime; add_caption=\u00a0\u00bbyes\u00a0\u00bb alignment=\u00a0\u00bbcenter\u00a0\u00bb][\/vc_column_inner][vc_column_inner width=\u00a0\u00bb1\/4&Prime; css=\u00a0\u00bb.vc_custom_1613098194047{background-color: #222222 !important;}\u00a0\u00bb][vc_single_image image=\u00a0\u00bb2496&Prime; add_caption=\u00a0\u00bbyes\u00a0\u00bb alignment=\u00a0\u00bbcenter\u00a0\u00bb][\/vc_column_inner][vc_column_inner width=\u00a0\u00bb1\/4&Prime; css=\u00a0\u00bb.vc_custom_1613098207775{background-color: #f8b601 !important;}\u00a0\u00bb][vc_single_image image=\u00a0\u00bb2498&Prime; add_caption=\u00a0\u00bbyes\u00a0\u00bb alignment=\u00a0\u00bbcenter\u00a0\u00bb][\/vc_column_inner][\/vc_row_inner][vc_row_inner css=\u00a0\u00bb.vc_custom_1549299800102{margin-top: -35px !important;}\u00a0\u00bb][vc_column_inner width=\u00a0\u00bb1\/4&Prime; css=\u00a0\u00bb.vc_custom_1613098214264{background-color: #f8b601 !important;}\u00a0\u00bb][vc_single_image image=\u00a0\u00bb2509&Prime; add_caption=\u00a0\u00bbyes\u00a0\u00bb alignment=\u00a0\u00bbcenter\u00a0\u00bb][\/vc_column_inner][vc_column_inner width=\u00a0\u00bb1\/4&Prime; css=\u00a0\u00bb.vc_custom_1613098221008{background-color: #222222 !important;}\u00a0\u00bb][vc_single_image image=\u00a0\u00bb2502&Prime; add_caption=\u00a0\u00bbyes\u00a0\u00bb alignment=\u00a0\u00bbcenter\u00a0\u00bb][\/vc_column_inner][vc_column_inner width=\u00a0\u00bb1\/4&Prime; css=\u00a0\u00bb.vc_custom_1613098240711{background-color: #f8b601 !important;}\u00a0\u00bb][vc_single_image image=\u00a0\u00bb2504&Prime; add_caption=\u00a0\u00bbyes\u00a0\u00bb alignment=\u00a0\u00bbcenter\u00a0\u00bb][\/vc_column_inner][vc_column_inner width=\u00a0\u00bb1\/4&Prime; css=\u00a0\u00bb.vc_custom_1613098235696{background-color: #222222 !important;}\u00a0\u00bb][vc_single_image image=\u00a0\u00bb2506&Prime; add_caption=\u00a0\u00bbyes\u00a0\u00bb alignment=\u00a0\u00bbcenter\u00a0\u00bb][\/vc_column_inner][\/vc_row_inner][vc_empty_space height=\u00a0\u00bb70px\u00a0\u00bb][\/vc_column][\/vc_row][vc_row][vc_column][vc_separator color=\u00a0\u00bbcustom\u00a0\u00bb border_width=\u00a0\u00bb3&Prime; css=\u00a0\u00bb.vc_custom_1612330672061{margin-top: -1px !important;}\u00a0\u00bb accent_color=\u00a0\u00bb#f9b701&Prime;][\/vc_column][\/vc_row][vc_row full_width=\u00a0\u00bbstretch_row\u00a0\u00bb][vc_column][vc_row_inner][vc_column_inner][block_bg_title title=\u00a0\u00bbNos clients\u00a0\u00bb css_animation=\u00a0\u00bbzoomIn\u00a0\u00bb title_color=\u00a0\u00bb#ffffff\u00a0\u00bb][vc_empty_space height=\u00a0\u00bb70px\u00a0\u00bb][\/vc_column_inner][\/vc_row_inner][vc_row_inner][vc_column_inner][section_brands disable_carousel=\u00a0\u00bb1&Prime; autoplay=\u00a0\u00bb400&Prime; loop=\u00a0\u00bb1&Prime;][section_brand image=\u00a0\u00bb1288&Prime;][section_brand image=\u00a0\u00bb1287&Prime; url=\u00a0\u00bburl:http%3A%2F%2Fthemeforest.net||\u00a0\u00bb][section_brand image=\u00a0\u00bb1286&Prime;][section_brand image=\u00a0\u00bb1285&Prime;][section_brand image=\u00a0\u00bb1284&Prime;][section_brand image=\u00a0\u00bb1283&Prime;][section_brand image=\u00a0\u00bb1282&Prime;][section_brand image=\u00a0\u00bb1281&Prime;][section_brand image=\u00a0\u00bb1279&Prime;][section_brand image=\u00a0\u00bb1278&Prime;][section_brand image=\u00a0\u00bb1277&Prime;][section_brand image=\u00a0\u00bb1276&Prime;][\/section_brands][\/vc_column_inner][\/vc_row_inner][vc_row_inner css=\u00a0\u00bb.vc_custom_1452362018030{padding-top: 80px !important;padding-bottom: 100px !important;}\u00a0\u00bb][vc_column_inner][block_mailchimp mailchimp_title=\u00a0\u00bbInscription \u00e0 la newsletter\u00a0\u00bb]Abonnez-vous \u00e0 notre newsletter hebdomadaire pour \u00eatre averti et rester inform\u00e9 des derni\u00e8res actions de Renew![\/block_mailchimp][\/vc_column_inner][\/vc_row_inner][\/vc_column][\/vc_row]","protected":false},"excerpt":{"rendered":"<p>[vc_row][vc_column][rev_slider_vc alias=\u00a0\u00bbENGINEERING\u00a0\u00bb][\/vc_column][\/vc_row][vc_row full_width=\u00a0\u00bbstretch_row\u00a0\u00bb content_placement=\u00a0\u00bbtop\u00a0\u00bb ptextcolor=\u00a0\u00bbtext-white\u00a0\u00bb css=\u00a0\u00bb.vc_custom_1612388143394{margin-top: -35px !important;margin-bottom: 0px !important;padding-top: 28px !important;padding-bottom: 0px !important;background-color: #202020 !important;}\u00a0\u00bb el_id=\u00a0\u00bbrow01&Prime;][vc_column width=\u00a0\u00bb2\/3&Prime;][vc_column_text] Toujours r\u00e9pondre \u00e0 vos questions et conseiller dans le domaine de l&rsquo;ing\u00e9nierie [\/vc_column_text][\/vc_column][vc_column width=\u00a0\u00bb1\/3&Prime; el_class=\u00a0\u00bbtext-right\u00a0\u00bb][vc_btn title=\u00a0\u00bbPoser une question\u00a0\u00bb style=\u00a0\u00bbcustom\u00a0\u00bb custom_background=\u00a0\u00bb#222222&Prime; custom_text=\u00a0\u00bb#ffffff\u00a0\u00bb shape=\u00a0\u00bbsquare\u00a0\u00bb link=\u00a0\u00bburl:https%3A%2F%2Fnextterragroup.com%2Ffr%2Fnous-contacter%2F|title:Contact||\u00a0\u00bb css=\u00a0\u00bb.vc_custom_1613087843975{margin-top: -15px !important;border-top-width: 3px !important;border-right-width: 3px !important;border-bottom-width: 3px !important;border-left-width: 3px !important;border-left-color: #ffffff !important;border-left-style: solid [&hellip;]<\/p>\n","protected":false},"author":1,"featured_media":0,"parent":0,"menu_order":0,"comment_status":"closed","ping_status":"closed","template":"home-template.php","meta":{"footnotes":""},"class_list":["post-1989","page","type-page","status-publish","hentry"],"_links":{"self":[{"href":"https:\/\/nextterragroup.com\/fr\/wp-json\/wp\/v2\/pages\/1989","targetHints":{"allow":["GET"]}}],"collection":[{"href":"https:\/\/nextterragroup.com\/fr\/wp-json\/wp\/v2\/pages"}],"about":[{"href":"https:\/\/nextterragroup.com\/fr\/wp-json\/wp\/v2\/types\/page"}],"author":[{"embeddable":true,"href":"https:\/\/nextterragroup.com\/fr\/wp-json\/wp\/v2\/users\/1"}],"replies":[{"embeddable":true,"href":"https:\/\/nextterragroup.com\/fr\/wp-json\/wp\/v2\/comments?post=1989"}],"version-history":[{"count":26,"href":"https:\/\/nextterragroup.com\/fr\/wp-json\/wp\/v2\/pages\/1989\/revisions"}],"predecessor-version":[{"id":2555,"href":"https:\/\/nextterragroup.com\/fr\/wp-json\/wp\/v2\/pages\/1989\/revisions\/2555"}],"wp:attachment":[{"href":"https:\/\/nextterragroup.com\/fr\/wp-json\/wp\/v2\/media?parent=1989"}],"curies":[{"name":"wp","href":"https:\/\/api.w.org\/{rel}","templated":true}]}}