{"id":1980,"date":"2021-02-01T19:24:54","date_gmt":"2021-02-01T19:24:54","guid":{"rendered":"https:\/\/nextterragroup.com\/about-us-2\/"},"modified":"2021-02-09T17:49:50","modified_gmt":"2021-02-09T17:49:50","slug":"a-propos-de-la-division-environnement","status":"publish","type":"page","link":"https:\/\/nextterragroup.com\/fr\/a-propos-de-la-division-environnement\/","title":{"rendered":"\u00c0 propos de la division environnement"},"content":{"rendered":"[vc_row][vc_column][vc_row_inner][vc_column_inner width=\u00a0\u00bb1\/2&Prime;][vc_empty_space height=\u00a0\u00bb45px\u00a0\u00bb][vc_custom_heading text=\u00a0\u00bbLe GROUPE NEXTTERRA INC. (NTG) a d&rsquo;abord \u00e9t\u00e9 fond\u00e9 en tant qu&rsquo;entreprise d&rsquo;ing\u00e9nierie et de construction. Il se concentre actuellement principalement sur les projets environnementaux et de construction de b\u00e2timents commerciaux.\u00a0\u00bb font_container=\u00a0\u00bbtag:p|font_size:17|text_align:left|color:%23333333|line_height:33px\u00a0\u00bb use_theme_fonts=\u00a0\u00bbyes\u00a0\u00bb][vc_single_image image=\u00a0\u00bb1643&Prime; img_size=\u00a0\u00bbmedium\u00a0\u00bb][vc_column_text]NTG mise sur plus de 100 ans d&rsquo;exp\u00e9rience de son personnel et de ses collaborateurs dans la gestion des mati\u00e8res r\u00e9siduelles et le 3-R (R\u00e9duire-R\u00e9utiliser-Recycler) pour r\u00e9volutionner la pratique de r\u00e9utilisation des d\u00e9chets solides et des boues, en convertissant les deux (soi-disant) d\u00e9chets en produits \u00e0 valeur ajout\u00e9e.[\/vc_column_text][vc_column_text]NTG favorise les projets cl\u00e9 en main dans tous les aspects du secteur de la gestion des r\u00e9sidus: Que NTG traite des d\u00e9chets solides municipaux (MSW), des d\u00e9chets de construction et de d\u00e9molition (C&amp;D), des d\u00e9chets industriels, des boues d&rsquo;\u00e9puration des eaux us\u00e9es, des boues agro-alimentaires, notre proc\u00e9d\u00e9 brevet\u00e9 convertira tous ces produits de faible valeur en produits d\u00e9contamin\u00e9s utilisables (souvent vendables).[\/vc_column_text][vc_empty_space height=\u00a0\u00bb20px\u00a0\u00bb][vc_single_image image=\u00a0\u00bb1630&Prime; img_size=\u00a0\u00bbfull\u00a0\u00bb alignment=\u00a0\u00bbcenter\u00a0\u00bb][vc_empty_space height=\u00a0\u00bb20px\u00a0\u00bb][\/vc_column_inner][vc_column_inner width=\u00a0\u00bb1\/2&Prime;][vc_empty_space height=\u00a0\u00bb30px\u00a0\u00bb][vc_single_image image=\u00a0\u00bb1817&Prime; img_size=\u00a0\u00bbfull\u00a0\u00bb alignment=\u00a0\u00bbcenter\u00a0\u00bb style=\u00a0\u00bbvc_box_rounded\u00a0\u00bb][\/vc_column_inner][\/vc_row_inner][\/vc_column][\/vc_row][vc_row][vc_column][vc_empty_space height=\u00a0\u00bb55px\u00a0\u00bb][\/vc_column][\/vc_row]","protected":false},"excerpt":{"rendered":"<p>[vc_row][vc_column][vc_row_inner][vc_column_inner width=\u00a0\u00bb1\/2&Prime;][vc_empty_space height=\u00a0\u00bb45px\u00a0\u00bb][vc_custom_heading text=\u00a0\u00bbLe GROUPE NEXTTERRA INC. (NTG) a d&rsquo;abord \u00e9t\u00e9 fond\u00e9 en tant qu&rsquo;entreprise d&rsquo;ing\u00e9nierie et de construction. Il se concentre actuellement principalement sur les projets environnementaux et de construction de b\u00e2timents commerciaux.\u00a0\u00bb font_container=\u00a0\u00bbtag:p|font_size:17|text_align:left|color:%23333333|line_height:33px\u00a0\u00bb use_theme_fonts=\u00a0\u00bbyes\u00a0\u00bb][vc_single_image image=\u00a0\u00bb1643&Prime; img_size=\u00a0\u00bbmedium\u00a0\u00bb][vc_column_text]NTG mise sur plus de 100 ans d&rsquo;exp\u00e9rience de son personnel et de ses collaborateurs dans la gestion [&hellip;]<\/p>\n","protected":false},"author":3,"featured_media":1982,"parent":0,"menu_order":0,"comment_status":"closed","ping_status":"closed","template":"","meta":{"footnotes":""},"class_list":["post-1980","page","type-page","status-publish","has-post-thumbnail","hentry"],"_links":{"self":[{"href":"https:\/\/nextterragroup.com\/fr\/wp-json\/wp\/v2\/pages\/1980","targetHints":{"allow":["GET"]}}],"collection":[{"href":"https:\/\/nextterragroup.com\/fr\/wp-json\/wp\/v2\/pages"}],"about":[{"href":"https:\/\/nextterragroup.com\/fr\/wp-json\/wp\/v2\/types\/page"}],"author":[{"embeddable":true,"href":"https:\/\/nextterragroup.com\/fr\/wp-json\/wp\/v2\/users\/3"}],"replies":[{"embeddable":true,"href":"https:\/\/nextterragroup.com\/fr\/wp-json\/wp\/v2\/comments?post=1980"}],"version-history":[{"count":10,"href":"https:\/\/nextterragroup.com\/fr\/wp-json\/wp\/v2\/pages\/1980\/revisions"}],"predecessor-version":[{"id":2423,"href":"https:\/\/nextterragroup.com\/fr\/wp-json\/wp\/v2\/pages\/1980\/revisions\/2423"}],"wp:featuredmedia":[{"embeddable":true,"href":"https:\/\/nextterragroup.com\/fr\/wp-json\/wp\/v2\/media\/1982"}],"wp:attachment":[{"href":"https:\/\/nextterragroup.com\/fr\/wp-json\/wp\/v2\/media?parent=1980"}],"curies":[{"name":"wp","href":"https:\/\/api.w.org\/{rel}","templated":true}]}}