{"id":1975,"date":"2016-01-03T15:51:21","date_gmt":"2016-01-03T15:51:21","guid":{"rendered":"https:\/\/nextterragroup.com\/about-us\/"},"modified":"2021-02-12T02:19:35","modified_gmt":"2021-02-12T02:19:35","slug":"a-propos","status":"publish","type":"page","link":"https:\/\/nextterragroup.com\/fr\/a-propos\/","title":{"rendered":"\u00c0 propos de la division ing\u00e9nierie et construction"},"content":{"rendered":"[vc_row][vc_column width=\u00a0\u00bb1\/4&Prime;][\/vc_column][vc_column width=\u00a0\u00bb1\/2&Prime; el_class=\u00a0\u00bbtext-center\u00a0\u00bb][vc_column_text]\r\n<h3>Groupe Next Terra &#8211; Projets cl\u00e9 en main<\/h3>\r\n[\/vc_column_text][\/vc_column][vc_column width=\u00a0\u00bb1\/4&Prime;][\/vc_column][\/vc_row][vc_row][vc_column][vc_single_image image=\u00a0\u00bb210&Prime; alignment=\u00a0\u00bbcenter\u00a0\u00bb][\/vc_column][\/vc_row][vc_row][vc_column width=\u00a0\u00bb1\/6&Prime;][\/vc_column][vc_column width=\u00a0\u00bb2\/3&Prime;][vc_custom_heading text=\u00a0\u00bbLe Groupe Next Terra Inc. est une firme d&rsquo;ing\u00e9nierie qui offre une gamme compl\u00e8te de services en g\u00e9nie civil, g\u00e9nie m\u00e9canique, g\u00e9nie \u00e9lectrique et g\u00e9nie des structures. Gr\u00e2ce \u00e0 une \u00e9quipe \u00e0 l&rsquo;\u00e9coute, Next Terra Group Inc. s&rsquo;assure que chaque projet est r\u00e9alis\u00e9 avec innovation et rigueur, dans le respect des budgets, des d\u00e9lais et de l&rsquo;environnement.\u00a0\u00bb font_container=\u00a0\u00bbtag:p|font_size:17|text_align:center|color:%23333333|line_height:33px\u00a0\u00bb google_fonts=\u00a0\u00bbfont_family:Lato%3A100%2C100italic%2C300%2C300italic%2Cregular%2Citalic%2C700%2C700italic%2C900%2C900italic|font_style:400%20italic%3A400%3Aitalic\u00a0\u00bb][vc_empty_space height=\u00a0\u00bb50px\u00a0\u00bb][\/vc_column][vc_column width=\u00a0\u00bb1\/6&Prime;][\/vc_column][\/vc_row][vc_row][vc_column width=\u00a0\u00bb1\/3&Prime;][vc_single_image image=\u00a0\u00bb2545&Prime; img_size=\u00a0\u00bbfull\u00a0\u00bb alignment=\u00a0\u00bbcenter\u00a0\u00bb][vc_column_text]En effectuant des recherches de pointe en mod\u00e9lisation des co\u00fbts et de l&rsquo;\u00e9conomie, nous vous aidons \u00e0 obtenir un r\u00e9el rapport qualit\u00e9-prix pendant la phase de construction initiale et tout au long de la dur\u00e9e de vie op\u00e9rationnelle de vos actifs. Nos \u00e9conomistes de la construction engag\u00e9s ont une capacit\u00e9 reconnue pour produire des donn\u00e9es fiables et toujours pr\u00e9cises dans chaque secteur du march\u00e9 de l&rsquo;industrie de la construction, \u00e0 l&rsquo;\u00e9chelle mondiale.[\/vc_column_text][\/vc_column][vc_column width=\u00a0\u00bb1\/3&Prime;][vc_single_image image=\u00a0\u00bb2547&Prime; img_size=\u00a0\u00bbfull\u00a0\u00bb alignment=\u00a0\u00bbcenter\u00a0\u00bb][vc_column_text]Avec une connaissance approfondie de l&rsquo;\u00e9conomie de l&rsquo;industrie de la construction et une solide exp\u00e9rience mondiale, nous sommes vraiment les mieux plac\u00e9s pour fournir des estimations de construction fiables pour les fluctuations de prix, adapt\u00e9es au facteur de co\u00fbt sp\u00e9cifique des projets de construction. Nous pouvons vous aider \u00e0 am\u00e9liorer l&rsquo;efficacit\u00e9, la pr\u00e9cision et les performances de l&rsquo;estimation de la construction, tout en prouvant que vous obtenez la meilleure valeur possible.[\/vc_column_text][vc_empty_space height=\u00a0\u00bb50px\u00a0\u00bb][\/vc_column][vc_column width=\u00a0\u00bb1\/3&Prime;][vc_single_image image=\u00a0\u00bb2549&Prime; img_size=\u00a0\u00bbfull\u00a0\u00bb alignment=\u00a0\u00bbcenter\u00a0\u00bb][vc_column_text]Nous, nos clients et nos partenaires de projet, avons r\u00e9colt\u00e9 les avantages de notre vision des solutions mieux r\u00e9solues, une r\u00e9duction des d\u00e9chets \u00e0 la fois en temps et en mat\u00e9riaux, une livraison de projet plus rapide, des risques r\u00e9duits, une durabilit\u00e9 am\u00e9lior\u00e9e et de meilleures performances tout au long de la vie. Tout au long du cycle de vie des actifs.[\/vc_column_text][\/vc_column][\/vc_row][vc_row][vc_column][vc_separator color=\u00a0\u00bbcustom\u00a0\u00bb border_width=\u00a0\u00bb3&Prime; accent_color=\u00a0\u00bb#f9b701&Prime;][\/vc_column][\/vc_row][vc_row][vc_column][block_bg_title title=\u00a0\u00bbCe que nous offrons\u00a0\u00bb][vc_empty_space height=\u00a0\u00bb50px\u00a0\u00bb][\/vc_column][\/vc_row][vc_row][vc_column width=\u00a0\u00bb1\/3&Prime;][vc_column_text][\/vc_column_text][vc_column_text el_class=\u00a0\u00bbservices_caption\u00a0\u00bb]construction[\/vc_column_text][\/vc_column][vc_column width=\u00a0\u00bb1\/3&Prime;][vc_column_text][\/vc_column_text][vc_column_text el_class=\u00a0\u00bbservices_caption\u00a0\u00bb]\u00e9nergie[\/vc_column_text][\/vc_column][vc_column width=\u00a0\u00bb1\/3&Prime;][vc_column_text][\/vc_column_text][vc_column_text el_class=\u00a0\u00bbservices_caption\u00a0\u00bb]Fabrication et transformation[\/vc_column_text][\/vc_column][\/vc_row][vc_row][vc_column width=\u00a0\u00bb1\/3&Prime;][vc_column_text][\/vc_column_text][vc_column_text el_class=\u00a0\u00bbservices_caption\u00a0\u00bb]for\u00eat[\/vc_column_text][\/vc_column][vc_column width=\u00a0\u00bb1\/3&Prime;][vc_column_text][\/vc_column_text][vc_column_text el_class=\u00a0\u00bbservices_caption\u00a0\u00bb]mine, p\u00e9trole et gaz[\/vc_column_text][\/vc_column][vc_column width=\u00a0\u00bb1\/3&Prime;][vc_column_text][\/vc_column_text][vc_column_text el_class=\u00a0\u00bbservices_caption\u00a0\u00bb]transport en commun[\/vc_column_text][\/vc_column][\/vc_row][vc_row][vc_column width=\u00a0\u00bb1\/3&Prime;][vc_column_text][\/vc_column_text][vc_column_text el_class=\u00a0\u00bbservices_caption\u00a0\u00bb]\u00e9lectrique[\/vc_column_text][\/vc_column][vc_column width=\u00a0\u00bb1\/3&Prime;][vc_column_text][\/vc_column_text][vc_column_text el_class=\u00a0\u00bbservices_caption\u00a0\u00bb]pharmaceutique[\/vc_column_text][\/vc_column][vc_column width=\u00a0\u00bb1\/3&Prime;][vc_column_text][\/vc_column_text][vc_column_text el_class=\u00a0\u00bbservices_caption\u00a0\u00bb]chemin de fer, route et ponts[\/vc_column_text][\/vc_column][\/vc_row][vc_row][vc_column][vc_empty_space height=\u00a0\u00bb75px\u00a0\u00bb][\/vc_column][\/vc_row]","protected":false},"excerpt":{"rendered":"<p>[vc_row][vc_column width=\u00a0\u00bb1\/4&Prime;][\/vc_column][vc_column width=\u00a0\u00bb1\/2&Prime; el_class=\u00a0\u00bbtext-center\u00a0\u00bb][vc_column_text] Groupe Next Terra &#8211; Projets cl\u00e9 en main [\/vc_column_text][\/vc_column][vc_column width=\u00a0\u00bb1\/4&Prime;][\/vc_column][\/vc_row][vc_row][vc_column][vc_single_image image=\u00a0\u00bb210&Prime; alignment=\u00a0\u00bbcenter\u00a0\u00bb][\/vc_column][\/vc_row][vc_row][vc_column width=\u00a0\u00bb1\/6&Prime;][\/vc_column][vc_column width=\u00a0\u00bb2\/3&Prime;][vc_custom_heading text=\u00a0\u00bbLe Groupe Next Terra Inc. est une firme d&rsquo;ing\u00e9nierie qui offre une gamme compl\u00e8te de services en g\u00e9nie civil, g\u00e9nie m\u00e9canique, g\u00e9nie \u00e9lectrique et g\u00e9nie des structures. Gr\u00e2ce \u00e0 une \u00e9quipe \u00e0 l&rsquo;\u00e9coute, Next Terra Group Inc. [&hellip;]<\/p>\n","protected":false},"author":1,"featured_media":1977,"parent":0,"menu_order":0,"comment_status":"closed","ping_status":"closed","template":"","meta":{"footnotes":""},"class_list":["post-1975","page","type-page","status-publish","has-post-thumbnail","hentry"],"_links":{"self":[{"href":"https:\/\/nextterragroup.com\/fr\/wp-json\/wp\/v2\/pages\/1975","targetHints":{"allow":["GET"]}}],"collection":[{"href":"https:\/\/nextterragroup.com\/fr\/wp-json\/wp\/v2\/pages"}],"about":[{"href":"https:\/\/nextterragroup.com\/fr\/wp-json\/wp\/v2\/types\/page"}],"author":[{"embeddable":true,"href":"https:\/\/nextterragroup.com\/fr\/wp-json\/wp\/v2\/users\/1"}],"replies":[{"embeddable":true,"href":"https:\/\/nextterragroup.com\/fr\/wp-json\/wp\/v2\/comments?post=1975"}],"version-history":[{"count":17,"href":"https:\/\/nextterragroup.com\/fr\/wp-json\/wp\/v2\/pages\/1975\/revisions"}],"predecessor-version":[{"id":2551,"href":"https:\/\/nextterragroup.com\/fr\/wp-json\/wp\/v2\/pages\/1975\/revisions\/2551"}],"wp:featuredmedia":[{"embeddable":true,"href":"https:\/\/nextterragroup.com\/fr\/wp-json\/wp\/v2\/media\/1977"}],"wp:attachment":[{"href":"https:\/\/nextterragroup.com\/fr\/wp-json\/wp\/v2\/media?parent=1975"}],"curies":[{"name":"wp","href":"https:\/\/api.w.org\/{rel}","templated":true}]}}